{"id":1078,"date":"2021-01-18T16:36:49","date_gmt":"2021-01-18T15:36:49","guid":{"rendered":"https:\/\/seat.seatingportal.net\/cookie-policy-import\/"},"modified":"2023-01-10T11:07:04","modified_gmt":"2023-01-10T10:07:04","slug":"cookie-policy","status":"publish","type":"page","link":"https:\/\/stece.be-ge.se\/en\/cookie-policy\/","title":{"rendered":"Cookie Policy"},"content":{"rendered":"<div data-elementor-type=\"wp-page\" data-elementor-id=\"1078\" class=\"elementor elementor-1078\" data-elementor-post-type=\"page\">\n\t\t\t\t\t\t<section class=\"elementor-section elementor-top-section elementor-element elementor-element-5ffd2e98 elementor-section-boxed elementor-section-height-default elementor-section-height-default\" data-id=\"5ffd2e98\" data-element_type=\"section\" data-e-type=\"section\">\n\t\t\t\t\t\t<div class=\"elementor-container elementor-column-gap-default\">\n\t\t\t\t\t<div class=\"elementor-column elementor-col-50 elementor-top-column elementor-element elementor-element-6d962674\" data-id=\"6d962674\" data-element_type=\"column\" data-e-type=\"column\">\n\t\t\t<div class=\"elementor-widget-wrap elementor-element-populated\">\n\t\t\t\t\t\t<div class=\"elementor-element elementor-element-68156f7e elementor-widget elementor-widget-heading\" data-id=\"68156f7e\" data-element_type=\"widget\" data-e-type=\"widget\" data-widget_type=\"heading.default\">\n\t\t\t\t\t<h1 class=\"elementor-heading-title elementor-size-large\">Cookie Policy<\/h1>\t\t\t\t<\/div>\n\t\t\t\t\t<\/div>\n\t\t<\/div>\n\t\t\t\t<div class=\"elementor-column elementor-col-50 elementor-top-column elementor-element elementor-element-61e2e57f\" data-id=\"61e2e57f\" data-element_type=\"column\" data-e-type=\"column\">\n\t\t\t<div class=\"elementor-widget-wrap elementor-element-populated\">\n\t\t\t\t\t\t<div class=\"elementor-element elementor-element-22af53bc elementor-widget elementor-widget-text-editor\" data-id=\"22af53bc\" data-element_type=\"widget\" data-e-type=\"widget\" data-widget_type=\"text-editor.default\">\n\t\t\t\t\t\t\t\t\tBe-Ge uses cookies to facilitate the use of the website. By using our website, you agree to the use of cookies under the cookie policy that is available. If you do not agree to our use of cookies, you need to change your browser\u2019s cookie settings.\t\t\t\t\t\t\t\t<\/div>\n\t\t\t\t\t<\/div>\n\t\t<\/div>\n\t\t\t\t\t<\/div>\n\t\t<\/section>\n\t\t\t\t<section class=\"elementor-section elementor-top-section elementor-element elementor-element-7e205e0e elementor-section-boxed elementor-section-height-default elementor-section-height-default\" data-id=\"7e205e0e\" data-element_type=\"section\" data-e-type=\"section\">\n\t\t\t\t\t\t<div class=\"elementor-container elementor-column-gap-default\">\n\t\t\t\t\t<div class=\"elementor-column elementor-col-100 elementor-top-column elementor-element elementor-element-3850f430\" data-id=\"3850f430\" data-element_type=\"column\" data-e-type=\"column\">\n\t\t\t<div class=\"elementor-widget-wrap elementor-element-populated\">\n\t\t\t\t\t\t<div class=\"elementor-element elementor-element-7bc66927 elementor-widget elementor-widget-heading\" data-id=\"7bc66927\" data-element_type=\"widget\" data-e-type=\"widget\" data-widget_type=\"heading.default\">\n\t\t\t\t\t<h2 class=\"elementor-heading-title elementor-size-large\">SVENSKA<\/h2>\t\t\t\t<\/div>\n\t\t\t\t<div class=\"elementor-element elementor-element-2cefa04 elementor-widget elementor-widget-spacer\" data-id=\"2cefa04\" data-element_type=\"widget\" data-e-type=\"widget\" data-widget_type=\"spacer.default\">\n\t\t\t\t\t\t\t<div class=\"elementor-spacer\">\n\t\t\t<div class=\"elementor-spacer-inner\"><\/div>\n\t\t<\/div>\n\t\t\t\t\t\t<\/div>\n\t\t\t\t<div class=\"elementor-element elementor-element-61022404 elementor-widget elementor-widget-text-editor\" data-id=\"61022404\" data-element_type=\"widget\" data-e-type=\"widget\" data-widget_type=\"text-editor.default\">\n\t\t\t\t\t\t\t\t\t<p>En cookie \u00e4r en liten fil som webbplatser du bes\u00f6ker skickar till din webbl\u00e4sare. P\u00e5 s\u00e5 s\u00e4tt kan webbplatsen komma ih\u00e5g information om ditt bes\u00f6k, som vilket spr\u00e5k du vill anv\u00e4nda och andra inst\u00e4llningar. Det underl\u00e4ttar vid n\u00e4sta bes\u00f6k, och webbplatsen blir mer anv\u00e4ndbar. Cookies spelar en viktig roll, vi anv\u00e4nder cookies f\u00f6r flera \u00e4ndam\u00e5l, t ex f\u00f6r att r\u00e4kna hur m\u00e5nga bes\u00f6kare en viss sida har. Informationen delas naturligtvis inte med n\u00e5gon tredje part.\u00a0Din inst\u00e4llning varar i en dag n\u00e4r du anv\u00e4nder webbplatsen.<\/p>\t\t\t\t\t\t\t\t<\/div>\n\t\t\t\t<div class=\"elementor-element elementor-element-a64bdab elementor-widget elementor-widget-spacer\" data-id=\"a64bdab\" data-element_type=\"widget\" data-e-type=\"widget\" data-widget_type=\"spacer.default\">\n\t\t\t\t\t\t\t<div class=\"elementor-spacer\">\n\t\t\t<div class=\"elementor-spacer-inner\"><\/div>\n\t\t<\/div>\n\t\t\t\t\t\t<\/div>\n\t\t\t\t<div class=\"elementor-element elementor-element-67b5509d elementor-widget elementor-widget-heading\" data-id=\"67b5509d\" data-element_type=\"widget\" data-e-type=\"widget\" data-widget_type=\"heading.default\">\n\t\t\t\t\t<h2 class=\"elementor-heading-title elementor-size-large\">DANSK\n<\/h2>\t\t\t\t<\/div>\n\t\t\t\t<div class=\"elementor-element elementor-element-50eb3ac elementor-widget elementor-widget-spacer\" data-id=\"50eb3ac\" data-element_type=\"widget\" data-e-type=\"widget\" data-widget_type=\"spacer.default\">\n\t\t\t\t\t\t\t<div class=\"elementor-spacer\">\n\t\t\t<div class=\"elementor-spacer-inner\"><\/div>\n\t\t<\/div>\n\t\t\t\t\t\t<\/div>\n\t\t\t\t<div class=\"elementor-element elementor-element-4034f836 elementor-widget elementor-widget-text-editor\" data-id=\"4034f836\" data-element_type=\"widget\" data-e-type=\"widget\" data-widget_type=\"text-editor.default\">\n\t\t\t\t\t\t\t\t\t<p>Cookies er meget sm\u00e5 tekstfiler, der gemmes p\u00e5 din computer, n\u00e5r du bes\u00f8ger nogle hjemmesider. Det betyder, at hjemmesiden kan huske oplysninger om dit bes\u00f8g, for eksempel hvilket sprog du foretr\u00e6kker, og andre indstillinger. Du kan deaktivere alle cookies, der allerede er gemt p\u00e5 din computer, men dette kan g\u00f8re, at vores hjemmeside ikke vil fungere korrekt. Ingen information deles med tredjeparter. Din indstilling varer en dag, n\u00e5r du bruger hjemmesiden.<\/p>\t\t\t\t\t\t\t\t<\/div>\n\t\t\t\t<div class=\"elementor-element elementor-element-35aaf4c elementor-widget elementor-widget-spacer\" data-id=\"35aaf4c\" data-element_type=\"widget\" data-e-type=\"widget\" data-widget_type=\"spacer.default\">\n\t\t\t\t\t\t\t<div class=\"elementor-spacer\">\n\t\t\t<div class=\"elementor-spacer-inner\"><\/div>\n\t\t<\/div>\n\t\t\t\t\t\t<\/div>\n\t\t\t\t<div class=\"elementor-element elementor-element-4e1fbf91 elementor-widget elementor-widget-heading\" data-id=\"4e1fbf91\" data-element_type=\"widget\" data-e-type=\"widget\" data-widget_type=\"heading.default\">\n\t\t\t\t\t<h2 class=\"elementor-heading-title elementor-size-large\">FRAN\u00c7AIS\n<\/h2>\t\t\t\t<\/div>\n\t\t\t\t<div class=\"elementor-element elementor-element-5eee0c1 elementor-widget elementor-widget-spacer\" data-id=\"5eee0c1\" data-element_type=\"widget\" data-e-type=\"widget\" data-widget_type=\"spacer.default\">\n\t\t\t\t\t\t\t<div class=\"elementor-spacer\">\n\t\t\t<div class=\"elementor-spacer-inner\"><\/div>\n\t\t<\/div>\n\t\t\t\t\t\t<\/div>\n\t\t\t\t<div class=\"elementor-element elementor-element-9cb8465 elementor-widget elementor-widget-text-editor\" data-id=\"9cb8465\" data-element_type=\"widget\" data-e-type=\"widget\" data-widget_type=\"text-editor.default\">\n\t\t\t\t\t\t\t\t\t<p>Les cookies sont de petits fichiers de texte qui sont stock\u00e9s sur votre ordinateur lorsque vous visitez certains sites Web. Cela signifie que le site peut se rappeler des informations sur votre visite, par exemple la langue que vous pr\u00e9f\u00e9rez et d\u2019autres param\u00e8tres. Vous pouvez d\u00e9sactiver les cookies d\u00e9j\u00e0 stock\u00e9s sur votre ordinateur, mais ceux-ci peut arr\u00eater notre site de fonctionner correctement. Aucune information n\u2019est communiqu\u00e9e \u00e0 des tiers. Votre attitude dure un jour, lorsque vous utilisez le site.<\/p>\t\t\t\t\t\t\t\t<\/div>\n\t\t\t\t<div class=\"elementor-element elementor-element-d6f45d6 elementor-widget elementor-widget-spacer\" data-id=\"d6f45d6\" data-element_type=\"widget\" data-e-type=\"widget\" data-widget_type=\"spacer.default\">\n\t\t\t\t\t\t\t<div class=\"elementor-spacer\">\n\t\t\t<div class=\"elementor-spacer-inner\"><\/div>\n\t\t<\/div>\n\t\t\t\t\t\t<\/div>\n\t\t\t\t<div class=\"elementor-element elementor-element-8263dd8 elementor-widget elementor-widget-heading\" data-id=\"8263dd8\" data-element_type=\"widget\" data-e-type=\"widget\" data-widget_type=\"heading.default\">\n\t\t\t\t\t<h2 class=\"elementor-heading-title elementor-size-large\">ENGLISH\n<\/h2>\t\t\t\t<\/div>\n\t\t\t\t<div class=\"elementor-element elementor-element-75e174a elementor-widget elementor-widget-spacer\" data-id=\"75e174a\" data-element_type=\"widget\" data-e-type=\"widget\" data-widget_type=\"spacer.default\">\n\t\t\t\t\t\t\t<div class=\"elementor-spacer\">\n\t\t\t<div class=\"elementor-spacer-inner\"><\/div>\n\t\t<\/div>\n\t\t\t\t\t\t<\/div>\n\t\t\t\t<div class=\"elementor-element elementor-element-1aedc9f elementor-widget elementor-widget-text-editor\" data-id=\"1aedc9f\" data-element_type=\"widget\" data-e-type=\"widget\" data-widget_type=\"text-editor.default\">\n\t\t\t\t\t\t\t\t\t<p>Cookies are very small text files that are stored on your computer when you visit some websites. This means the website can remember information about your visit, for instance which language you prefer and other settings. You can disable any cookies already stored on your computer, but these may stop our website from functioning properly. No information is shared with third parties.\u00a0Your setting lasts for one day when you use the website.<\/p>\t\t\t\t\t\t\t\t<\/div>\n\t\t\t\t<div class=\"elementor-element elementor-element-0055c5b elementor-widget elementor-widget-spacer\" data-id=\"0055c5b\" data-element_type=\"widget\" data-e-type=\"widget\" data-widget_type=\"spacer.default\">\n\t\t\t\t\t\t\t<div class=\"elementor-spacer\">\n\t\t\t<div class=\"elementor-spacer-inner\"><\/div>\n\t\t<\/div>\n\t\t\t\t\t\t<\/div>\n\t\t\t\t<div class=\"elementor-element elementor-element-25a5b75 elementor-widget elementor-widget-heading\" data-id=\"25a5b75\" data-element_type=\"widget\" data-e-type=\"widget\" data-widget_type=\"heading.default\">\n\t\t\t\t\t<h2 class=\"elementor-heading-title elementor-size-large\">DEUTSCH\n<\/h2>\t\t\t\t<\/div>\n\t\t\t\t<div class=\"elementor-element elementor-element-fe8c35d elementor-widget elementor-widget-spacer\" data-id=\"fe8c35d\" data-element_type=\"widget\" data-e-type=\"widget\" data-widget_type=\"spacer.default\">\n\t\t\t\t\t\t\t<div class=\"elementor-spacer\">\n\t\t\t<div class=\"elementor-spacer-inner\"><\/div>\n\t\t<\/div>\n\t\t\t\t\t\t<\/div>\n\t\t\t\t<div class=\"elementor-element elementor-element-74ffacb elementor-widget elementor-widget-text-editor\" data-id=\"74ffacb\" data-element_type=\"widget\" data-e-type=\"widget\" data-widget_type=\"text-editor.default\">\n\t\t\t\t\t\t\t\t\t<p>Ein Cookie ist ein kurzes Text-Snippet, das von einer von Ihnen besuchten Website an Ihren Browser gesendet wird. Es speichert Informationen zu Ihrem letzten Besuch, wie Ihre bevorzugte Sprache oder andere Einstellungen. So finden Sie sich auf der Website schneller zurecht und nutzen sie effektiver, wenn Sie sie das n\u00e4chste Mal aufrufen. Cookies spielen eine wichtige Rolle. Wir verwenden Cookies f\u00fcr viele Zwecke, beispielsweise Besucherzahlen pro Seite zu erfassen. Keine Informationen ausgetauscht.\u00a0Ihre Einstellung dauert ein Tag, wenn Sie die Website<\/p>\t\t\t\t\t\t\t\t<\/div>\n\t\t\t\t<div class=\"elementor-element elementor-element-57f0704 elementor-widget elementor-widget-spacer\" data-id=\"57f0704\" data-element_type=\"widget\" data-e-type=\"widget\" data-widget_type=\"spacer.default\">\n\t\t\t\t\t\t\t<div class=\"elementor-spacer\">\n\t\t\t<div class=\"elementor-spacer-inner\"><\/div>\n\t\t<\/div>\n\t\t\t\t\t\t<\/div>\n\t\t\t\t<div class=\"elementor-element elementor-element-5ef3889 elementor-widget elementor-widget-heading\" data-id=\"5ef3889\" data-element_type=\"widget\" data-e-type=\"widget\" data-widget_type=\"heading.default\">\n\t\t\t\t\t<h2 class=\"elementor-heading-title elementor-size-large\">LIETUVI\u0160KAI<\/h2>\t\t\t\t<\/div>\n\t\t\t\t<div class=\"elementor-element elementor-element-de7b7c4 elementor-widget elementor-widget-spacer\" data-id=\"de7b7c4\" data-element_type=\"widget\" data-e-type=\"widget\" data-widget_type=\"spacer.default\">\n\t\t\t\t\t\t\t<div class=\"elementor-spacer\">\n\t\t\t<div class=\"elementor-spacer-inner\"><\/div>\n\t\t<\/div>\n\t\t\t\t\t\t<\/div>\n\t\t\t\t<div class=\"elementor-element elementor-element-ab4f78c elementor-widget elementor-widget-text-editor\" data-id=\"ab4f78c\" data-element_type=\"widget\" data-e-type=\"widget\" data-widget_type=\"text-editor.default\">\n\t\t\t\t\t\t\t\t\t<p>Slapukai yra ma\u017ei tekstiniai failai, kuriuos J\u016bs\u0173 lankomos interneto svetain\u0117s perduoda \u012f J\u016bs\u0173 nar\u0161ykl\u0119. Tokiu b\u016bdu interneto svetain\u0117je i\u0161saugoma informacija apie J\u016bs\u0173 vizit\u0105, pasirinkt\u0105 kalb\u0105 ir kitus nustatymus. Kito apsilankymo metu tokia svetaine patogiau naudotis. Slapukai atlieka svarb\u0173 vaidmen\u012f, jie naudojami ir svetain\u0117s lankytoj\u0173 srautui \u012fvertinti. \u017dinoma, informacija tretiesiems asmenims neteikiama.\u00a0J\u016bs\u0173 nustatymai i\u0161lieka vien\u0105 dien\u0105, kai naudojat\u0117s \u0161ia interneto svetaine.<\/p>\t\t\t\t\t\t\t\t<\/div>\n\t\t\t\t<div class=\"elementor-element elementor-element-c774164 elementor-widget elementor-widget-spacer\" data-id=\"c774164\" data-element_type=\"widget\" data-e-type=\"widget\" data-widget_type=\"spacer.default\">\n\t\t\t\t\t\t\t<div class=\"elementor-spacer\">\n\t\t\t<div class=\"elementor-spacer-inner\"><\/div>\n\t\t<\/div>\n\t\t\t\t\t\t<\/div>\n\t\t\t\t\t<\/div>\n\t\t<\/div>\n\t\t\t\t\t<\/div>\n\t\t<\/section>\n\t\t\t\t<\/div>","protected":false},"excerpt":{"rendered":"<p>Cookie Policy Be-Ge anv\u00e4nder cookies f\u00f6r att underl\u00e4tta anv\u00e4ndningen av webbplatsen. Genom att anv\u00e4nda v\u00e5r webbplats samtycker du till anv\u00e4ndningen av cookies under den cookiepolicy som finns tillg\u00e4nglig. Om du inte godk\u00e4nner v\u00e5r anv\u00e4ndning av cookies m\u00e5ste du \u00e4ndra din webbl\u00e4sares cookie-inst\u00e4llningar. SVENSKA En cookie \u00e4r en liten fil som webbplatser du bes\u00f6ker skickar till [&hellip;]<\/p>\n","protected":false},"author":1,"featured_media":0,"parent":0,"menu_order":0,"comment_status":"closed","ping_status":"closed","template":"","meta":{"_acf_changed":false,"footnotes":""},"class_list":["post-1078","page","type-page","status-publish","hentry"],"acf":[],"_links":{"self":[{"href":"https:\/\/stece.be-ge.se\/en\/wp-json\/wp\/v2\/pages\/1078","targetHints":{"allow":["GET"]}}],"collection":[{"href":"https:\/\/stece.be-ge.se\/en\/wp-json\/wp\/v2\/pages"}],"about":[{"href":"https:\/\/stece.be-ge.se\/en\/wp-json\/wp\/v2\/types\/page"}],"author":[{"embeddable":true,"href":"https:\/\/stece.be-ge.se\/en\/wp-json\/wp\/v2\/users\/1"}],"replies":[{"embeddable":true,"href":"https:\/\/stece.be-ge.se\/en\/wp-json\/wp\/v2\/comments?post=1078"}],"version-history":[{"count":9,"href":"https:\/\/stece.be-ge.se\/en\/wp-json\/wp\/v2\/pages\/1078\/revisions"}],"predecessor-version":[{"id":14973,"href":"https:\/\/stece.be-ge.se\/en\/wp-json\/wp\/v2\/pages\/1078\/revisions\/14973"}],"wp:attachment":[{"href":"https:\/\/stece.be-ge.se\/en\/wp-json\/wp\/v2\/media?parent=1078"}],"curies":[{"name":"wp","href":"https:\/\/api.w.org\/{rel}","templated":true}]}}