{"id":12300,"date":"2022-11-25T13:29:55","date_gmt":"2022-11-25T12:29:55","guid":{"rendered":"http:\/\/stece.be-ge.se\/?page_id=12300"},"modified":"2024-02-08T14:25:49","modified_gmt":"2024-02-08T13:25:49","slug":"om-foretaget","status":"publish","type":"page","link":"https:\/\/stece.be-ge.se\/en\/om-foretaget\/","title":{"rendered":"About the Company"},"content":{"rendered":"<div data-elementor-type=\"wp-page\" data-elementor-id=\"12300\" class=\"elementor elementor-12300\" data-elementor-post-type=\"page\">\n\t\t\t\t\t\t<section class=\"elementor-section elementor-top-section elementor-element elementor-element-23bf625e elementor-section-boxed elementor-section-height-default elementor-section-height-default\" data-id=\"23bf625e\" data-element_type=\"section\" data-e-type=\"section\">\n\t\t\t\t\t\t<div class=\"elementor-container elementor-column-gap-default\">\n\t\t\t\t\t<div class=\"elementor-column elementor-col-50 elementor-top-column elementor-element elementor-element-468a80c9\" data-id=\"468a80c9\" data-element_type=\"column\" data-e-type=\"column\">\n\t\t\t<div class=\"elementor-widget-wrap elementor-element-populated\">\n\t\t\t\t\t\t<div class=\"elementor-element elementor-element-5c410220 elementor-widget elementor-widget-heading\" data-id=\"5c410220\" data-element_type=\"widget\" data-e-type=\"widget\" data-widget_type=\"heading.default\">\n\t\t\t\t\t<h1 class=\"elementor-heading-title elementor-size-large\">About Be-Ge Stece AB<\/h1>\t\t\t\t<\/div>\n\t\t\t\t\t<\/div>\n\t\t<\/div>\n\t\t\t\t<div class=\"elementor-column elementor-col-50 elementor-top-column elementor-element elementor-element-77fbf773\" data-id=\"77fbf773\" data-element_type=\"column\" data-e-type=\"column\">\n\t\t\t<div class=\"elementor-widget-wrap elementor-element-populated\">\n\t\t\t\t\t\t<div class=\"elementor-element elementor-element-1c618ccd elementor-widget elementor-widget-text-editor\" data-id=\"1c618ccd\" data-element_type=\"widget\" data-e-type=\"widget\" data-widget_type=\"text-editor.default\">\n\t\t\t\t\t\t\t\t\t<p>Stece was founded in Stockholm in 1946 by brothers Brandfors and Sten-Erik Cederberg. Due to both lack of space and lack of manpower the company moved to M\u00f6nster\u00e5s in the summer of 1951. Then, the company employed around 10 people in the company. At that time the springs and wire was the company's main production. The development of the company continued with several new customers including in the automotive industry.<\/p>\t\t\t\t\t\t\t\t<\/div>\n\t\t\t\t\t<\/div>\n\t\t<\/div>\n\t\t\t\t\t<\/div>\n\t\t<\/section>\n\t\t\t\t<section class=\"elementor-section elementor-top-section elementor-element elementor-element-6656af90 elementor-section-full_width elementor-section-height-min-height elementor-section-height-default elementor-section-items-middle\" data-id=\"6656af90\" data-element_type=\"section\" data-e-type=\"section\" data-settings=\"{&quot;background_background&quot;:&quot;classic&quot;}\">\n\t\t\t\t\t\t\t<div class=\"elementor-background-overlay\"><\/div>\n\t\t\t\t\t\t\t<div class=\"elementor-container elementor-column-gap-default\">\n\t\t\t\t\t<div class=\"elementor-column elementor-col-100 elementor-top-column elementor-element elementor-element-704a396d\" data-id=\"704a396d\" data-element_type=\"column\" data-e-type=\"column\">\n\t\t\t<div class=\"elementor-widget-wrap elementor-element-populated\">\n\t\t\t\t\t\t<section class=\"elementor-section elementor-inner-section elementor-element elementor-element-4dc387ed elementor-section-boxed elementor-section-height-default elementor-section-height-default\" data-id=\"4dc387ed\" data-element_type=\"section\" data-e-type=\"section\">\n\t\t\t\t\t\t<div class=\"elementor-container elementor-column-gap-default\">\n\t\t\t\t\t<div class=\"elementor-column elementor-col-100 elementor-inner-column elementor-element elementor-element-2f6db797\" data-id=\"2f6db797\" data-element_type=\"column\" data-e-type=\"column\">\n\t\t\t<div class=\"elementor-widget-wrap elementor-element-populated\">\n\t\t\t\t\t\t\t<\/div>\n\t\t<\/div>\n\t\t\t\t\t<\/div>\n\t\t<\/section>\n\t\t\t\t\t<\/div>\n\t\t<\/div>\n\t\t\t\t\t<\/div>\n\t\t<\/section>\n\t\t\t\t<section class=\"elementor-section elementor-top-section elementor-element elementor-element-4462e6a elementor-section-boxed elementor-section-height-default elementor-section-height-default\" data-id=\"4462e6a\" data-element_type=\"section\" data-e-type=\"section\">\n\t\t\t\t\t\t<div class=\"elementor-container elementor-column-gap-default\">\n\t\t\t\t\t<div class=\"elementor-column elementor-col-50 elementor-top-column elementor-element elementor-element-571dd289\" data-id=\"571dd289\" data-element_type=\"column\" data-e-type=\"column\">\n\t\t\t<div class=\"elementor-widget-wrap elementor-element-populated\">\n\t\t\t\t\t\t<div class=\"elementor-element elementor-element-187a23d5 elementor-widget elementor-widget-heading\" data-id=\"187a23d5\" data-element_type=\"widget\" data-e-type=\"widget\" data-widget_type=\"heading.default\">\n\t\t\t\t\t<h2 class=\"elementor-heading-title elementor-size-large\">The business expands<\/h2>\t\t\t\t<\/div>\n\t\t\t\t<div class=\"elementor-element elementor-element-21ea96e9 elementor-widget elementor-widget-text-editor\" data-id=\"21ea96e9\" data-element_type=\"widget\" data-e-type=\"widget\" data-widget_type=\"text-editor.default\">\n\t\t\t\t\t\t\t\t\t<p>The business was expanded with more sheet metal work and in 1960 it was decided the construction of a press shop with associated finishing equipment. The expansion continued and in 1971 Cederberg decided to sell the company to Associated Spring Corporation (ASC) in the United States. At this time the company had grown to 370 employees. In the mid-70s the company suffers as the world of the oil crisis and the US auto industry is under heavy pressure from Japanese manufacturers. This also affects Stece as at the end of the 70s forced slimming down operations particularly in the manufacture of parts for the right car.<\/p>\t\t\t\t\t\t\t\t<\/div>\n\t\t\t\t\t<\/div>\n\t\t<\/div>\n\t\t\t\t<div class=\"elementor-column elementor-col-50 elementor-top-column elementor-element elementor-element-0c933e0\" data-id=\"0c933e0\" data-element_type=\"column\" data-e-type=\"column\">\n\t\t\t<div class=\"elementor-widget-wrap elementor-element-populated\">\n\t\t\t\t\t\t<div class=\"elementor-element elementor-element-702f15f elementor-widget elementor-widget-image\" data-id=\"702f15f\" data-element_type=\"widget\" data-e-type=\"widget\" data-widget_type=\"image.default\">\n\t\t\t\t\t\t\t\t\t\t\t\t\t\t\t<img fetchpriority=\"high\" decoding=\"async\" width=\"800\" height=\"534\" src=\"https:\/\/stece.be-ge.se\/wp-content\/uploads\/2024\/02\/RS3124_DSC_0004_.webp\" class=\"attachment-large size-large wp-image-16187\" alt=\"\" srcset=\"https:\/\/stece.be-ge.se\/wp-content\/uploads\/2024\/02\/RS3124_DSC_0004_.webp 1000w, https:\/\/stece.be-ge.se\/wp-content\/uploads\/2024\/02\/RS3124_DSC_0004_-300x200.webp 300w, https:\/\/stece.be-ge.se\/wp-content\/uploads\/2024\/02\/RS3124_DSC_0004_-768x512.webp 768w, https:\/\/stece.be-ge.se\/wp-content\/uploads\/2024\/02\/RS3124_DSC_0004_-18x12.webp 18w\" sizes=\"(max-width: 800px) 100vw, 800px\" \/>\t\t\t\t\t\t\t\t\t\t\t\t\t\t\t<\/div>\n\t\t\t\t\t<\/div>\n\t\t<\/div>\n\t\t\t\t\t<\/div>\n\t\t<\/section>\n\t\t\t\t<section class=\"elementor-section elementor-top-section elementor-element elementor-element-d245f99 elementor-section-boxed elementor-section-height-default elementor-section-height-default\" data-id=\"d245f99\" data-element_type=\"section\" data-e-type=\"section\">\n\t\t\t\t\t\t<div class=\"elementor-container elementor-column-gap-default\">\n\t\t\t\t\t<div class=\"elementor-column elementor-col-50 elementor-top-column elementor-element elementor-element-fb1e2d6\" data-id=\"fb1e2d6\" data-element_type=\"column\" data-e-type=\"column\">\n\t\t\t<div class=\"elementor-widget-wrap elementor-element-populated\">\n\t\t\t\t\t\t<div class=\"elementor-element elementor-element-374ad5f elementor-widget elementor-widget-image\" data-id=\"374ad5f\" data-element_type=\"widget\" data-e-type=\"widget\" data-widget_type=\"image.default\">\n\t\t\t\t\t\t\t\t\t\t\t\t\t\t\t<img decoding=\"async\" width=\"800\" height=\"425\" src=\"https:\/\/stece.be-ge.se\/wp-content\/uploads\/2024\/02\/RS2003_Stece_-scaled-1-1024x544.webp\" class=\"attachment-large size-large wp-image-16188\" alt=\"\" srcset=\"https:\/\/stece.be-ge.se\/wp-content\/uploads\/2024\/02\/RS2003_Stece_-scaled-1-1024x544.webp 1024w, https:\/\/stece.be-ge.se\/wp-content\/uploads\/2024\/02\/RS2003_Stece_-scaled-1-300x159.webp 300w, https:\/\/stece.be-ge.se\/wp-content\/uploads\/2024\/02\/RS2003_Stece_-scaled-1-768x408.webp 768w, https:\/\/stece.be-ge.se\/wp-content\/uploads\/2024\/02\/RS2003_Stece_-scaled-1-1536x816.webp 1536w, https:\/\/stece.be-ge.se\/wp-content\/uploads\/2024\/02\/RS2003_Stece_-scaled-1-2048x1088.webp 2048w, https:\/\/stece.be-ge.se\/wp-content\/uploads\/2024\/02\/RS2003_Stece_-scaled-1-18x10.webp 18w\" sizes=\"(max-width: 800px) 100vw, 800px\" \/>\t\t\t\t\t\t\t\t\t\t\t\t\t\t\t<\/div>\n\t\t\t\t\t<\/div>\n\t\t<\/div>\n\t\t\t\t<div class=\"elementor-column elementor-col-50 elementor-top-column elementor-element elementor-element-752f65b\" data-id=\"752f65b\" data-element_type=\"column\" data-e-type=\"column\">\n\t\t\t<div class=\"elementor-widget-wrap elementor-element-populated\">\n\t\t\t\t\t\t<div class=\"elementor-element elementor-element-bd331dc elementor-widget elementor-widget-heading\" data-id=\"bd331dc\" data-element_type=\"widget\" data-e-type=\"widget\" data-widget_type=\"heading.default\">\n\t\t\t\t\t<h2 class=\"elementor-heading-title elementor-size-large\">1982<\/h2>\t\t\t\t<\/div>\n\t\t\t\t<div class=\"elementor-element elementor-element-506dbf3 elementor-widget elementor-widget-text-editor\" data-id=\"506dbf3\" data-element_type=\"widget\" data-e-type=\"widget\" data-widget_type=\"text-editor.default\">\n\t\t\t\t\t\t\t\t\t<p>In 1982 ASC, now called Barnes Group, takes the decision to sell the company to a number of persons in the management. And they again invested in the company with new investments and with an improving economy in the \u201980s, it was 1988\u2019s time for a further expansion of the business. The business flourished until the recession of the early 90s. After a number of lean years the orders recovered in 1994. The company was a sole owner in 1995 to Bengt Forsman and operated so until 2006 when Be-Ge companies with Lesj\u00f6fors acquired Stece.<\/p>\t\t\t\t\t\t\t\t<\/div>\n\t\t\t\t\t<\/div>\n\t\t<\/div>\n\t\t\t\t\t<\/div>\n\t\t<\/section>\n\t\t\t\t<section class=\"elementor-section elementor-top-section elementor-element elementor-element-3a424584 elementor-section-boxed elementor-section-height-default elementor-section-height-default\" data-id=\"3a424584\" data-element_type=\"section\" data-e-type=\"section\" data-settings=\"{&quot;background_background&quot;:&quot;classic&quot;}\">\n\t\t\t\t\t\t<div class=\"elementor-container elementor-column-gap-wider\">\n\t\t\t\t\t<div class=\"elementor-column elementor-col-100 elementor-top-column elementor-element elementor-element-5a28bb73\" data-id=\"5a28bb73\" data-element_type=\"column\" data-e-type=\"column\">\n\t\t\t<div class=\"elementor-widget-wrap elementor-element-populated\">\n\t\t\t\t\t\t<div class=\"elementor-element elementor-element-2fdbe191 elementor-widget elementor-widget-text-editor\" data-id=\"2fdbe191\" data-element_type=\"widget\" data-e-type=\"widget\" data-widget_type=\"text-editor.default\">\n\t\t\t\t\t\t\t\t\t<p>Be-Ge Stece AB is today a subcontractor of stamped sheet metal parts to customers in the European automotive and engineering industry. We provide customers tooling design and manufacturing, eccentric and hydraulic pressing of sheet metal from 0.5 mm up to 6 mm, heat and surface treatment, as well as welding and assembly. The operation is IATF 16949 and ISO 14000 \u2013 certified.<\/p>\t\t\t\t\t\t\t\t<\/div>\n\t\t\t\t\t<\/div>\n\t\t<\/div>\n\t\t\t\t\t<\/div>\n\t\t<\/section>\n\t\t\t\t<section class=\"elementor-section elementor-top-section elementor-element elementor-element-80d502e elementor-section-boxed elementor-section-height-default elementor-section-height-default\" data-id=\"80d502e\" data-element_type=\"section\" data-e-type=\"section\" data-settings=\"{&quot;background_background&quot;:&quot;classic&quot;}\">\n\t\t\t\t\t\t<div class=\"elementor-container elementor-column-gap-wider\">\n\t\t\t\t\t<div class=\"elementor-column elementor-col-50 elementor-top-column elementor-element elementor-element-38e03ee\" data-id=\"38e03ee\" data-element_type=\"column\" data-e-type=\"column\">\n\t\t\t<div class=\"elementor-widget-wrap elementor-element-populated\">\n\t\t\t\t\t\t<div class=\"elementor-element elementor-element-b3bc698 elementor-widget elementor-widget-image\" data-id=\"b3bc698\" data-element_type=\"widget\" data-e-type=\"widget\" data-widget_type=\"image.default\">\n\t\t\t\t\t\t\t\t\t\t\t\t\t\t\t<img decoding=\"async\" width=\"800\" height=\"534\" src=\"https:\/\/stece.be-ge.se\/wp-content\/uploads\/2024\/02\/RS3128_DSC_0008_1000px.webp\" class=\"attachment-large size-large wp-image-16190\" alt=\"\" srcset=\"https:\/\/stece.be-ge.se\/wp-content\/uploads\/2024\/02\/RS3128_DSC_0008_1000px.webp 1000w, https:\/\/stece.be-ge.se\/wp-content\/uploads\/2024\/02\/RS3128_DSC_0008_1000px-300x200.webp 300w, https:\/\/stece.be-ge.se\/wp-content\/uploads\/2024\/02\/RS3128_DSC_0008_1000px-768x512.webp 768w, https:\/\/stece.be-ge.se\/wp-content\/uploads\/2024\/02\/RS3128_DSC_0008_1000px-18x12.webp 18w\" sizes=\"(max-width: 800px) 100vw, 800px\" \/>\t\t\t\t\t\t\t\t\t\t\t\t\t\t\t<\/div>\n\t\t\t\t\t<\/div>\n\t\t<\/div>\n\t\t\t\t<div class=\"elementor-column elementor-col-50 elementor-top-column elementor-element elementor-element-1ab7655\" data-id=\"1ab7655\" data-element_type=\"column\" data-e-type=\"column\">\n\t\t\t<div class=\"elementor-widget-wrap elementor-element-populated\">\n\t\t\t\t\t\t<div class=\"elementor-element elementor-element-87bbbc4 elementor-widget elementor-widget-image\" data-id=\"87bbbc4\" data-element_type=\"widget\" data-e-type=\"widget\" data-widget_type=\"image.default\">\n\t\t\t\t\t\t\t\t\t\t\t\t\t\t\t<img loading=\"lazy\" decoding=\"async\" width=\"800\" height=\"534\" src=\"https:\/\/stece.be-ge.se\/wp-content\/uploads\/2024\/02\/RS3144_DSC_0024_.webp\" class=\"attachment-large size-large wp-image-16191\" alt=\"\" srcset=\"https:\/\/stece.be-ge.se\/wp-content\/uploads\/2024\/02\/RS3144_DSC_0024_.webp 1000w, https:\/\/stece.be-ge.se\/wp-content\/uploads\/2024\/02\/RS3144_DSC_0024_-300x200.webp 300w, https:\/\/stece.be-ge.se\/wp-content\/uploads\/2024\/02\/RS3144_DSC_0024_-768x512.webp 768w, https:\/\/stece.be-ge.se\/wp-content\/uploads\/2024\/02\/RS3144_DSC_0024_-18x12.webp 18w\" sizes=\"(max-width: 800px) 100vw, 800px\" \/>\t\t\t\t\t\t\t\t\t\t\t\t\t\t\t<\/div>\n\t\t\t\t\t<\/div>\n\t\t<\/div>\n\t\t\t\t\t<\/div>\n\t\t<\/section>\n\t\t\t\t<\/div>","protected":false},"excerpt":{"rendered":"<p>Om Be-Ge Stece AB Stece\u00a0startades i Stockholm 1946 av br\u00f6derna Brandfors och Sten-Erik Cederberg. P\u00e5 grund av b\u00e5de platsbrist och brist p\u00e5 arbetskraft flyttades f\u00f6retaget till M\u00f6nster\u00e5s under sommaren 1951. D\u00e5 sysselsattes ett 10-tal personer i bolaget. Vid denna tidpunkt var fj\u00e4drar och tr\u00e5ddetaljer bolagets huvudsakliga produktion. Utvecklingen av bolaget fortsatte med flera nya kunder [&hellip;]<\/p>\n","protected":false},"author":15,"featured_media":0,"parent":0,"menu_order":0,"comment_status":"closed","ping_status":"closed","template":"","meta":{"_acf_changed":false,"footnotes":""},"class_list":["post-12300","page","type-page","status-publish","hentry"],"acf":[],"_links":{"self":[{"href":"https:\/\/stece.be-ge.se\/en\/wp-json\/wp\/v2\/pages\/12300","targetHints":{"allow":["GET"]}}],"collection":[{"href":"https:\/\/stece.be-ge.se\/en\/wp-json\/wp\/v2\/pages"}],"about":[{"href":"https:\/\/stece.be-ge.se\/en\/wp-json\/wp\/v2\/types\/page"}],"author":[{"embeddable":true,"href":"https:\/\/stece.be-ge.se\/en\/wp-json\/wp\/v2\/users\/15"}],"replies":[{"embeddable":true,"href":"https:\/\/stece.be-ge.se\/en\/wp-json\/wp\/v2\/comments?post=12300"}],"version-history":[{"count":91,"href":"https:\/\/stece.be-ge.se\/en\/wp-json\/wp\/v2\/pages\/12300\/revisions"}],"predecessor-version":[{"id":16194,"href":"https:\/\/stece.be-ge.se\/en\/wp-json\/wp\/v2\/pages\/12300\/revisions\/16194"}],"wp:attachment":[{"href":"https:\/\/stece.be-ge.se\/en\/wp-json\/wp\/v2\/media?parent=12300"}],"curies":[{"name":"wp","href":"https:\/\/api.w.org\/{rel}","templated":true}]}}