{"id":12302,"date":"2022-11-25T13:30:35","date_gmt":"2022-11-25T12:30:35","guid":{"rendered":"http:\/\/stece.be-ge.se\/?page_id=12302"},"modified":"2024-06-04T09:00:04","modified_gmt":"2024-06-04T07:00:04","slug":"kvalitet","status":"publish","type":"page","link":"https:\/\/stece.be-ge.se\/en\/kvalitet\/","title":{"rendered":"Quality"},"content":{"rendered":"<div data-elementor-type=\"wp-page\" data-elementor-id=\"12302\" class=\"elementor elementor-12302\" data-elementor-post-type=\"page\">\n\t\t\t\t\t\t<section class=\"elementor-section elementor-top-section elementor-element elementor-element-17fc0c2c elementor-section-boxed elementor-section-height-default elementor-section-height-default\" data-id=\"17fc0c2c\" data-element_type=\"section\" data-e-type=\"section\">\n\t\t\t\t\t\t<div class=\"elementor-container elementor-column-gap-default\">\n\t\t\t\t\t<div class=\"elementor-column elementor-col-50 elementor-top-column elementor-element elementor-element-13901e66\" data-id=\"13901e66\" data-element_type=\"column\" data-e-type=\"column\">\n\t\t\t<div class=\"elementor-widget-wrap elementor-element-populated\">\n\t\t\t\t\t\t<div class=\"elementor-element elementor-element-670ec90d elementor-widget elementor-widget-heading\" data-id=\"670ec90d\" data-element_type=\"widget\" data-e-type=\"widget\" data-widget_type=\"heading.default\">\n\t\t\t\t\t<h1 class=\"elementor-heading-title elementor-size-large\">Quality<\/h1>\t\t\t\t<\/div>\n\t\t\t\t\t<\/div>\n\t\t<\/div>\n\t\t\t\t<div class=\"elementor-column elementor-col-50 elementor-top-column elementor-element elementor-element-1d5f22b5\" data-id=\"1d5f22b5\" data-element_type=\"column\" data-e-type=\"column\">\n\t\t\t<div class=\"elementor-widget-wrap elementor-element-populated\">\n\t\t\t\t\t\t<div class=\"elementor-element elementor-element-45a65457 elementor-widget elementor-widget-text-editor\" data-id=\"45a65457\" data-element_type=\"widget\" data-e-type=\"widget\" data-widget_type=\"text-editor.default\">\n\t\t\t\t\t\t\t\t\t<p>At Be-Ge Stece AB we work constantly to satisfy your expectations and requirements by delivering the agreed quality at the agreed time.<\/p>\t\t\t\t\t\t\t\t<\/div>\n\t\t\t\t\t<\/div>\n\t\t<\/div>\n\t\t\t\t\t<\/div>\n\t\t<\/section>\n\t\t\t\t<section class=\"elementor-section elementor-top-section elementor-element elementor-element-137b2214 elementor-section-full_width elementor-section-height-min-height elementor-section-height-default elementor-section-items-middle\" data-id=\"137b2214\" data-element_type=\"section\" data-e-type=\"section\" data-settings=\"{&quot;background_background&quot;:&quot;classic&quot;}\">\n\t\t\t\t\t\t\t<div class=\"elementor-background-overlay\"><\/div>\n\t\t\t\t\t\t\t<div class=\"elementor-container elementor-column-gap-default\">\n\t\t\t\t\t<div class=\"elementor-column elementor-col-100 elementor-top-column elementor-element elementor-element-65a9d284\" data-id=\"65a9d284\" data-element_type=\"column\" data-e-type=\"column\">\n\t\t\t<div class=\"elementor-widget-wrap elementor-element-populated\">\n\t\t\t\t\t\t<section class=\"elementor-section elementor-inner-section elementor-element elementor-element-182951c5 elementor-section-boxed elementor-section-height-default elementor-section-height-default\" data-id=\"182951c5\" data-element_type=\"section\" data-e-type=\"section\">\n\t\t\t\t\t\t<div class=\"elementor-container elementor-column-gap-default\">\n\t\t\t\t\t<div class=\"elementor-column elementor-col-100 elementor-inner-column elementor-element elementor-element-3562c1c1\" data-id=\"3562c1c1\" data-element_type=\"column\" data-e-type=\"column\">\n\t\t\t<div class=\"elementor-widget-wrap elementor-element-populated\">\n\t\t\t\t\t\t\t<\/div>\n\t\t<\/div>\n\t\t\t\t\t<\/div>\n\t\t<\/section>\n\t\t\t\t\t<\/div>\n\t\t<\/div>\n\t\t\t\t\t<\/div>\n\t\t<\/section>\n\t\t\t\t<section class=\"elementor-section elementor-top-section elementor-element elementor-element-13cb3ad2 elementor-section-boxed elementor-section-height-default elementor-section-height-default\" data-id=\"13cb3ad2\" data-element_type=\"section\" data-e-type=\"section\">\n\t\t\t\t\t\t<div class=\"elementor-container elementor-column-gap-default\">\n\t\t\t\t\t<div class=\"elementor-column elementor-col-50 elementor-top-column elementor-element elementor-element-77a63c24\" data-id=\"77a63c24\" data-element_type=\"column\" data-e-type=\"column\" data-settings=\"{&quot;background_background&quot;:&quot;classic&quot;}\">\n\t\t\t<div class=\"elementor-widget-wrap elementor-element-populated\">\n\t\t\t\t\t\t<div class=\"elementor-element elementor-element-a963ad0 elementor-widget elementor-widget-image\" data-id=\"a963ad0\" data-element_type=\"widget\" data-e-type=\"widget\" data-widget_type=\"image.default\">\n\t\t\t\t\t\t\t\t\t\t\t\t\t\t\t<img fetchpriority=\"high\" decoding=\"async\" width=\"800\" height=\"533\" src=\"https:\/\/stece.be-ge.se\/wp-content\/uploads\/2024\/06\/RS3220_DSC_0108_2_-1024x682.webp\" class=\"attachment-large size-large wp-image-16352\" alt=\"\" srcset=\"https:\/\/stece.be-ge.se\/wp-content\/uploads\/2024\/06\/RS3220_DSC_0108_2_-1024x682.webp 1024w, https:\/\/stece.be-ge.se\/wp-content\/uploads\/2024\/06\/RS3220_DSC_0108_2_-300x200.webp 300w, https:\/\/stece.be-ge.se\/wp-content\/uploads\/2024\/06\/RS3220_DSC_0108_2_-768x512.webp 768w, https:\/\/stece.be-ge.se\/wp-content\/uploads\/2024\/06\/RS3220_DSC_0108_2_-1536x1024.webp 1536w, https:\/\/stece.be-ge.se\/wp-content\/uploads\/2024\/06\/RS3220_DSC_0108_2_-18x12.webp 18w, https:\/\/stece.be-ge.se\/wp-content\/uploads\/2024\/06\/RS3220_DSC_0108_2_.webp 2000w\" sizes=\"(max-width: 800px) 100vw, 800px\" \/>\t\t\t\t\t\t\t\t\t\t\t\t\t\t\t<\/div>\n\t\t\t\t<div class=\"elementor-element elementor-element-54801da2 elementor-widget elementor-widget-heading\" data-id=\"54801da2\" data-element_type=\"widget\" data-e-type=\"widget\" data-widget_type=\"heading.default\">\n\t\t\t\t\t<h2 class=\"elementor-heading-title elementor-size-large\">Quality Responsibility<\/h2>\t\t\t\t<\/div>\n\t\t\t\t<div class=\"elementor-element elementor-element-3904be08 elementor-widget elementor-widget-text-editor\" data-id=\"3904be08\" data-element_type=\"widget\" data-e-type=\"widget\" data-widget_type=\"text-editor.default\">\n\t\t\t\t\t\t\t\t\t<p>In Be-Ge Stece AB we take full responsibility for quality in every process throughout the organization. Our sight on quality permeates the entire business and what we do.<\/p>\t\t\t\t\t\t\t\t<\/div>\n\t\t\t\t\t<\/div>\n\t\t<\/div>\n\t\t\t\t<div class=\"elementor-column elementor-col-50 elementor-top-column elementor-element elementor-element-f65c768\" data-id=\"f65c768\" data-element_type=\"column\" data-e-type=\"column\" data-settings=\"{&quot;background_background&quot;:&quot;classic&quot;}\">\n\t\t\t<div class=\"elementor-widget-wrap elementor-element-populated\">\n\t\t\t\t\t\t<div class=\"elementor-element elementor-element-bbbc310 elementor-widget elementor-widget-image\" data-id=\"bbbc310\" data-element_type=\"widget\" data-e-type=\"widget\" data-widget_type=\"image.default\">\n\t\t\t\t\t\t\t\t\t\t\t\t\t\t\t<img decoding=\"async\" width=\"800\" height=\"534\" src=\"https:\/\/stece.be-ge.se\/wp-content\/uploads\/2024\/02\/RS3219_DSC_0107_1__.webp\" class=\"attachment-large size-large wp-image-16196\" alt=\"\" srcset=\"https:\/\/stece.be-ge.se\/wp-content\/uploads\/2024\/02\/RS3219_DSC_0107_1__.webp 1000w, https:\/\/stece.be-ge.se\/wp-content\/uploads\/2024\/02\/RS3219_DSC_0107_1__-300x200.webp 300w, https:\/\/stece.be-ge.se\/wp-content\/uploads\/2024\/02\/RS3219_DSC_0107_1__-768x512.webp 768w, https:\/\/stece.be-ge.se\/wp-content\/uploads\/2024\/02\/RS3219_DSC_0107_1__-18x12.webp 18w\" sizes=\"(max-width: 800px) 100vw, 800px\" \/>\t\t\t\t\t\t\t\t\t\t\t\t\t\t\t<\/div>\n\t\t\t\t<div class=\"elementor-element elementor-element-f75249c elementor-widget elementor-widget-heading\" data-id=\"f75249c\" data-element_type=\"widget\" data-e-type=\"widget\" data-widget_type=\"heading.default\">\n\t\t\t\t\t<h2 class=\"elementor-heading-title elementor-size-large\">We work with<\/h2>\t\t\t\t<\/div>\n\t\t\t\t<div class=\"elementor-element elementor-element-ed8a77d elementor-widget elementor-widget-text-editor\" data-id=\"ed8a77d\" data-element_type=\"widget\" data-e-type=\"widget\" data-widget_type=\"text-editor.default\">\n\t\t\t\t\t\t\t\t\t<p>Systematic improvement focused on your needs, with clear and measurable targets. We act as a complete supplier of sheet metal and springs and we help our clients to choose the right product and quality, from prototypes to production parts.<\/p>\t\t\t\t\t\t\t\t<\/div>\n\t\t\t\t\t<\/div>\n\t\t<\/div>\n\t\t\t\t\t<\/div>\n\t\t<\/section>\n\t\t\t\t<section class=\"elementor-section elementor-top-section elementor-element elementor-element-1447c824 elementor-section-boxed elementor-section-height-default elementor-section-height-default\" data-id=\"1447c824\" data-element_type=\"section\" data-e-type=\"section\">\n\t\t\t\t\t\t<div class=\"elementor-container elementor-column-gap-wider\">\n\t\t\t\t\t<div class=\"elementor-column elementor-col-100 elementor-top-column elementor-element elementor-element-4fa09b9d\" data-id=\"4fa09b9d\" data-element_type=\"column\" data-e-type=\"column\" data-settings=\"{&quot;background_background&quot;:&quot;classic&quot;}\">\n\t\t\t<div class=\"elementor-widget-wrap elementor-element-populated\">\n\t\t\t\t\t\t<div class=\"elementor-element elementor-element-5e4dbf4d elementor-widget elementor-widget-text-editor\" data-id=\"5e4dbf4d\" data-element_type=\"widget\" data-e-type=\"widget\" data-widget_type=\"text-editor.default\">\n\t\t\t\t\t\t\t\t\t<p>The entire operation is certified according to  ISO 9001, IATF 16949, ISO 14001<\/p>\t\t\t\t\t\t\t\t<\/div>\n\t\t\t\t<section class=\"elementor-section elementor-inner-section elementor-element elementor-element-6615ef1 elementor-section-boxed elementor-section-height-default elementor-section-height-default\" data-id=\"6615ef1\" data-element_type=\"section\" data-e-type=\"section\">\n\t\t\t\t\t\t<div class=\"elementor-container elementor-column-gap-default\">\n\t\t\t\t\t<div class=\"elementor-column elementor-col-25 elementor-inner-column elementor-element elementor-element-2741666\" data-id=\"2741666\" data-element_type=\"column\" data-e-type=\"column\">\n\t\t\t<div class=\"elementor-widget-wrap\">\n\t\t\t\t\t\t\t<\/div>\n\t\t<\/div>\n\t\t\t\t<div class=\"elementor-column elementor-col-25 elementor-inner-column elementor-element elementor-element-d8dd077\" data-id=\"d8dd077\" data-element_type=\"column\" data-e-type=\"column\">\n\t\t\t<div class=\"elementor-widget-wrap elementor-element-populated\">\n\t\t\t\t\t\t<div class=\"elementor-element elementor-element-6162b11 elementor-widget elementor-widget-image\" data-id=\"6162b11\" data-element_type=\"widget\" data-e-type=\"widget\" data-widget_type=\"image.default\">\n\t\t\t\t\t\t\t\t\t\t\t\t\t\t\t\t<a href=\"http:\/\/media.be-ge.se\/?r=2317\">\n\t\t\t\t\t\t\t<img decoding=\"async\" width=\"200\" height=\"215\" src=\"https:\/\/stece.be-ge.se\/wp-content\/uploads\/2023\/03\/ISO-9001-RGB.jpg\" class=\"attachment-large size-large wp-image-15288\" alt=\"\" srcset=\"https:\/\/stece.be-ge.se\/wp-content\/uploads\/2023\/03\/ISO-9001-RGB.jpg 200w, https:\/\/stece.be-ge.se\/wp-content\/uploads\/2023\/03\/ISO-9001-RGB-11x12.jpg 11w\" sizes=\"(max-width: 200px) 100vw, 200px\" \/>\t\t\t\t\t\t\t\t<\/a>\n\t\t\t\t\t\t\t\t\t\t\t\t\t\t\t<\/div>\n\t\t\t\t<div class=\"elementor-element elementor-element-413c49f elementor-widget elementor-widget-text-editor\" data-id=\"413c49f\" data-element_type=\"widget\" data-e-type=\"widget\" data-widget_type=\"text-editor.default\">\n\t\t\t\t\t\t\t\t\t<p><span style=\"text-decoration: underline;\"><a href=\"http:\/\/media.be-ge.se\/?r=2317\" target=\"_blank\" rel=\"noopener\">Click here to see Certificate ISO 9001<\/a><\/span><\/p>\t\t\t\t\t\t\t\t<\/div>\n\t\t\t\t\t<\/div>\n\t\t<\/div>\n\t\t\t\t<div class=\"elementor-column elementor-col-25 elementor-inner-column elementor-element elementor-element-2dd988d\" data-id=\"2dd988d\" data-element_type=\"column\" data-e-type=\"column\">\n\t\t\t<div class=\"elementor-widget-wrap elementor-element-populated\">\n\t\t\t\t\t\t<div class=\"elementor-element elementor-element-a887219 elementor-widget elementor-widget-image\" data-id=\"a887219\" data-element_type=\"widget\" data-e-type=\"widget\" data-widget_type=\"image.default\">\n\t\t\t\t\t\t\t\t\t\t\t\t\t\t\t\t<a href=\"http:\/\/media.be-ge.se\/?r=2316\">\n\t\t\t\t\t\t\t<img loading=\"lazy\" decoding=\"async\" width=\"200\" height=\"215\" src=\"https:\/\/stece.be-ge.se\/wp-content\/uploads\/2023\/03\/IATF-16949-RGB.jpg\" class=\"attachment-large size-large wp-image-15290\" alt=\"\" srcset=\"https:\/\/stece.be-ge.se\/wp-content\/uploads\/2023\/03\/IATF-16949-RGB.jpg 200w, https:\/\/stece.be-ge.se\/wp-content\/uploads\/2023\/03\/IATF-16949-RGB-11x12.jpg 11w\" sizes=\"(max-width: 200px) 100vw, 200px\" \/>\t\t\t\t\t\t\t\t<\/a>\n\t\t\t\t\t\t\t\t\t\t\t\t\t\t\t<\/div>\n\t\t\t\t<div class=\"elementor-element elementor-element-44ca47e elementor-widget elementor-widget-text-editor\" data-id=\"44ca47e\" data-element_type=\"widget\" data-e-type=\"widget\" data-widget_type=\"text-editor.default\">\n\t\t\t\t\t\t\t\t\t<p><span style=\"text-decoration: underline;\"><a href=\"http:\/\/media.be-ge.se\/?r=2316\" target=\"_blank\" rel=\"noopener\">Click here to see Certificate IATF 16949<\/a><\/span><\/p>\t\t\t\t\t\t\t\t<\/div>\n\t\t\t\t\t<\/div>\n\t\t<\/div>\n\t\t\t\t<div class=\"elementor-column elementor-col-25 elementor-inner-column elementor-element elementor-element-c213870\" data-id=\"c213870\" data-element_type=\"column\" data-e-type=\"column\">\n\t\t\t<div class=\"elementor-widget-wrap\">\n\t\t\t\t\t\t\t<\/div>\n\t\t<\/div>\n\t\t\t\t\t<\/div>\n\t\t<\/section>\n\t\t\t\t\t<\/div>\n\t\t<\/div>\n\t\t\t\t\t<\/div>\n\t\t<\/section>\n\t\t\t\t<\/div>","protected":false},"excerpt":{"rendered":"<p>Kvalitet P\u00e5 Be-Ge Stece AB jobbar vi hela tiden f\u00f6r att tillfredsst\u00e4lla dina f\u00f6rv\u00e4ntningar och krav genom att leverera avtalad kvalitet i avtalad tid. Kvalitetsansvar Hos Be-Ge Stece AB tar vi fullt kvalitetsansvar i varje process genom hela organisationen. V\u00e5r syn p\u00e5 kvalitet genomsyrar hela verksamheten och det vi g\u00f6r. Vi arbetar med Systematiskt f\u00f6rb\u00e4ttringsarbete [&hellip;]<\/p>\n","protected":false},"author":15,"featured_media":0,"parent":0,"menu_order":0,"comment_status":"closed","ping_status":"closed","template":"","meta":{"_acf_changed":false,"footnotes":""},"class_list":["post-12302","page","type-page","status-publish","hentry"],"acf":[],"_links":{"self":[{"href":"https:\/\/stece.be-ge.se\/en\/wp-json\/wp\/v2\/pages\/12302","targetHints":{"allow":["GET"]}}],"collection":[{"href":"https:\/\/stece.be-ge.se\/en\/wp-json\/wp\/v2\/pages"}],"about":[{"href":"https:\/\/stece.be-ge.se\/en\/wp-json\/wp\/v2\/types\/page"}],"author":[{"embeddable":true,"href":"https:\/\/stece.be-ge.se\/en\/wp-json\/wp\/v2\/users\/15"}],"replies":[{"embeddable":true,"href":"https:\/\/stece.be-ge.se\/en\/wp-json\/wp\/v2\/comments?post=12302"}],"version-history":[{"count":109,"href":"https:\/\/stece.be-ge.se\/en\/wp-json\/wp\/v2\/pages\/12302\/revisions"}],"predecessor-version":[{"id":16355,"href":"https:\/\/stece.be-ge.se\/en\/wp-json\/wp\/v2\/pages\/12302\/revisions\/16355"}],"wp:attachment":[{"href":"https:\/\/stece.be-ge.se\/en\/wp-json\/wp\/v2\/media?parent=12302"}],"curies":[{"name":"wp","href":"https:\/\/api.w.org\/{rel}","templated":true}]}}