{"id":12304,"date":"2022-11-25T13:31:41","date_gmt":"2022-11-25T12:31:41","guid":{"rendered":"http:\/\/stece.be-ge.se\/?page_id=12304"},"modified":"2025-01-27T11:26:00","modified_gmt":"2025-01-27T10:26:00","slug":"miljo","status":"publish","type":"page","link":"https:\/\/stece.be-ge.se\/en\/miljo\/","title":{"rendered":"Environment"},"content":{"rendered":"<div data-elementor-type=\"wp-page\" data-elementor-id=\"12304\" class=\"elementor elementor-12304\" data-elementor-post-type=\"page\">\n\t\t\t\t\t\t<section class=\"elementor-section elementor-top-section elementor-element elementor-element-76bd4158 elementor-section-boxed elementor-section-height-default elementor-section-height-default\" data-id=\"76bd4158\" data-element_type=\"section\" data-e-type=\"section\">\n\t\t\t\t\t\t<div class=\"elementor-container elementor-column-gap-default\">\n\t\t\t\t\t<div class=\"elementor-column elementor-col-50 elementor-top-column elementor-element elementor-element-740cbdb1\" data-id=\"740cbdb1\" data-element_type=\"column\" data-e-type=\"column\">\n\t\t\t<div class=\"elementor-widget-wrap elementor-element-populated\">\n\t\t\t\t\t\t<div class=\"elementor-element elementor-element-36b3cd66 elementor-widget elementor-widget-heading\" data-id=\"36b3cd66\" data-element_type=\"widget\" data-e-type=\"widget\" data-widget_type=\"heading.default\">\n\t\t\t\t\t<h1 class=\"elementor-heading-title elementor-size-large\">Environment<\/h1>\t\t\t\t<\/div>\n\t\t\t\t\t<\/div>\n\t\t<\/div>\n\t\t\t\t<div class=\"elementor-column elementor-col-50 elementor-top-column elementor-element elementor-element-6387c6eb\" data-id=\"6387c6eb\" data-element_type=\"column\" data-e-type=\"column\">\n\t\t\t<div class=\"elementor-widget-wrap elementor-element-populated\">\n\t\t\t\t\t\t<div class=\"elementor-element elementor-element-18758b88 elementor-widget elementor-widget-text-editor\" data-id=\"18758b88\" data-element_type=\"widget\" data-e-type=\"widget\" data-widget_type=\"text-editor.default\">\n\t\t\t\t\t\t\t\t\t<p>At Be-Ge Stece AB we strive to be a part of a sustainable society by taking the environment into account. Everyone in the company takes personal responsibility and we support it through education, information and active involvement in environmental activities.<\/p>\t\t\t\t\t\t\t\t<\/div>\n\t\t\t\t\t<\/div>\n\t\t<\/div>\n\t\t\t\t\t<\/div>\n\t\t<\/section>\n\t\t\t\t<section class=\"elementor-section elementor-top-section elementor-element elementor-element-561a448 elementor-section-full_width elementor-section-height-min-height elementor-section-height-default elementor-section-items-middle\" data-id=\"561a448\" data-element_type=\"section\" data-e-type=\"section\" data-settings=\"{&quot;background_background&quot;:&quot;classic&quot;}\">\n\t\t\t\t\t\t\t<div class=\"elementor-background-overlay\"><\/div>\n\t\t\t\t\t\t\t<div class=\"elementor-container elementor-column-gap-default\">\n\t\t\t\t\t<div class=\"elementor-column elementor-col-100 elementor-top-column elementor-element elementor-element-26eef1db\" data-id=\"26eef1db\" data-element_type=\"column\" data-e-type=\"column\">\n\t\t\t<div class=\"elementor-widget-wrap elementor-element-populated\">\n\t\t\t\t\t\t<section class=\"elementor-section elementor-inner-section elementor-element elementor-element-22f5bda7 elementor-section-boxed elementor-section-height-default elementor-section-height-default\" data-id=\"22f5bda7\" data-element_type=\"section\" data-e-type=\"section\">\n\t\t\t\t\t\t<div class=\"elementor-container elementor-column-gap-default\">\n\t\t\t\t\t<div class=\"elementor-column elementor-col-100 elementor-inner-column elementor-element elementor-element-41e8bd08\" data-id=\"41e8bd08\" data-element_type=\"column\" data-e-type=\"column\">\n\t\t\t<div class=\"elementor-widget-wrap elementor-element-populated\">\n\t\t\t\t\t\t\t<\/div>\n\t\t<\/div>\n\t\t\t\t\t<\/div>\n\t\t<\/section>\n\t\t\t\t\t<\/div>\n\t\t<\/div>\n\t\t\t\t\t<\/div>\n\t\t<\/section>\n\t\t\t\t<section class=\"elementor-section elementor-top-section elementor-element elementor-element-5862d550 elementor-section-boxed elementor-section-height-default elementor-section-height-default\" data-id=\"5862d550\" data-element_type=\"section\" data-e-type=\"section\">\n\t\t\t\t\t\t<div class=\"elementor-container elementor-column-gap-default\">\n\t\t\t\t\t<div class=\"elementor-column elementor-col-50 elementor-top-column elementor-element elementor-element-723bff9a\" data-id=\"723bff9a\" data-element_type=\"column\" data-e-type=\"column\" data-settings=\"{&quot;background_background&quot;:&quot;classic&quot;}\">\n\t\t\t<div class=\"elementor-widget-wrap elementor-element-populated\">\n\t\t\t\t\t\t<div class=\"elementor-element elementor-element-7eb9dbb9 elementor-widget elementor-widget-heading\" data-id=\"7eb9dbb9\" data-element_type=\"widget\" data-e-type=\"widget\" data-widget_type=\"heading.default\">\n\t\t\t\t\t<h2 class=\"elementor-heading-title elementor-size-large\">Narrow emissions<\/h2>\t\t\t\t<\/div>\n\t\t\t\t<div class=\"elementor-element elementor-element-395c9a70 elementor-widget elementor-widget-text-editor\" data-id=\"395c9a70\" data-element_type=\"widget\" data-e-type=\"widget\" data-widget_type=\"text-editor.default\">\n\t\t\t\t\t\t\t\t\t<p>Our emissions and noise should be reduced as far as possible within the framework of what is reasonable with regard to technology and profitability.<\/p>\t\t\t\t\t\t\t\t<\/div>\n\t\t\t\t\t<\/div>\n\t\t<\/div>\n\t\t\t\t<div class=\"elementor-column elementor-col-50 elementor-top-column elementor-element elementor-element-e9c9c9b\" data-id=\"e9c9c9b\" data-element_type=\"column\" data-e-type=\"column\" data-settings=\"{&quot;background_background&quot;:&quot;classic&quot;}\">\n\t\t\t<div class=\"elementor-widget-wrap elementor-element-populated\">\n\t\t\t\t\t\t<div class=\"elementor-element elementor-element-73a90df elementor-widget elementor-widget-heading\" data-id=\"73a90df\" data-element_type=\"widget\" data-e-type=\"widget\" data-widget_type=\"heading.default\">\n\t\t\t\t\t<h2 class=\"elementor-heading-title elementor-size-large\">Reduce environmental impact<\/h2>\t\t\t\t<\/div>\n\t\t\t\t<div class=\"elementor-element elementor-element-f8cbd6c elementor-widget elementor-widget-text-editor\" data-id=\"f8cbd6c\" data-element_type=\"widget\" data-e-type=\"widget\" data-widget_type=\"text-editor.default\">\n\t\t\t\t\t\t\t\t\t<p>We are working to reduce its environmental impact by regularly measure and evaluate environmental work and continuous improvements in order to prevent pollution.<\/p>\t\t\t\t\t\t\t\t<\/div>\n\t\t\t\t\t<\/div>\n\t\t<\/div>\n\t\t\t\t\t<\/div>\n\t\t<\/section>\n\t\t\t\t<section class=\"elementor-section elementor-top-section elementor-element elementor-element-6252a29 elementor-section-boxed elementor-section-height-default elementor-section-height-default\" data-id=\"6252a29\" data-element_type=\"section\" data-e-type=\"section\">\n\t\t\t\t\t\t<div class=\"elementor-container elementor-column-gap-default\">\n\t\t\t\t\t<div class=\"elementor-column elementor-col-50 elementor-top-column elementor-element elementor-element-aa86378\" data-id=\"aa86378\" data-element_type=\"column\" data-e-type=\"column\" data-settings=\"{&quot;background_background&quot;:&quot;classic&quot;}\">\n\t\t\t<div class=\"elementor-widget-wrap elementor-element-populated\">\n\t\t\t\t\t\t<div class=\"elementor-element elementor-element-0d9b078 elementor-widget elementor-widget-heading\" data-id=\"0d9b078\" data-element_type=\"widget\" data-e-type=\"widget\" data-widget_type=\"heading.default\">\n\t\t\t\t\t<h2 class=\"elementor-heading-title elementor-size-large\">Comply with laws<\/h2>\t\t\t\t<\/div>\n\t\t\t\t<div class=\"elementor-element elementor-element-45a619c elementor-widget elementor-widget-text-editor\" data-id=\"45a619c\" data-element_type=\"widget\" data-e-type=\"widget\" data-widget_type=\"text-editor.default\">\n\t\t\t\t\t\t\t\t\t<p>To comply with laws and directives from the authorities and demands from customers is for us of utmost importance.<\/p>\t\t\t\t\t\t\t\t<\/div>\n\t\t\t\t\t<\/div>\n\t\t<\/div>\n\t\t\t\t<div class=\"elementor-column elementor-col-50 elementor-top-column elementor-element elementor-element-bf8ee5e\" data-id=\"bf8ee5e\" data-element_type=\"column\" data-e-type=\"column\" data-settings=\"{&quot;background_background&quot;:&quot;classic&quot;}\">\n\t\t\t<div class=\"elementor-widget-wrap elementor-element-populated\">\n\t\t\t\t\t\t<div class=\"elementor-element elementor-element-ee393c2 elementor-widget elementor-widget-heading\" data-id=\"ee393c2\" data-element_type=\"widget\" data-e-type=\"widget\" data-widget_type=\"heading.default\">\n\t\t\t\t\t<h2 class=\"elementor-heading-title elementor-size-large\">Working methods and products <\/h2>\t\t\t\t<\/div>\n\t\t\t\t<div class=\"elementor-element elementor-element-ad9a7df elementor-widget elementor-widget-text-editor\" data-id=\"ad9a7df\" data-element_type=\"widget\" data-e-type=\"widget\" data-widget_type=\"text-editor.default\">\n\t\t\t\t\t\t\t\t\t<p>We design methods and products with regard to health, safety and the environment and to conserve resources.<\/p>\t\t\t\t\t\t\t\t<\/div>\n\t\t\t\t\t<\/div>\n\t\t<\/div>\n\t\t\t\t\t<\/div>\n\t\t<\/section>\n\t\t\t\t<section class=\"elementor-section elementor-top-section elementor-element elementor-element-4c78f4a elementor-section-boxed elementor-section-height-default elementor-section-height-default\" data-id=\"4c78f4a\" data-element_type=\"section\" data-e-type=\"section\">\n\t\t\t\t\t\t<div class=\"elementor-container elementor-column-gap-default\">\n\t\t\t\t\t<div class=\"elementor-column elementor-col-33 elementor-top-column elementor-element elementor-element-1333fdb\" data-id=\"1333fdb\" data-element_type=\"column\" data-e-type=\"column\">\n\t\t\t<div class=\"elementor-widget-wrap elementor-element-populated\">\n\t\t\t\t\t\t<div class=\"elementor-element elementor-element-601b0ab elementor-widget elementor-widget-image\" data-id=\"601b0ab\" data-element_type=\"widget\" data-e-type=\"widget\" data-widget_type=\"image.default\">\n\t\t\t\t\t\t\t\t\t\t\t\t\t\t\t<img fetchpriority=\"high\" decoding=\"async\" width=\"683\" height=\"1024\" src=\"https:\/\/stece.be-ge.se\/wp-content\/uploads\/2024\/02\/DSC_0760__-683x1024.webp\" class=\"attachment-large size-large wp-image-16200\" alt=\"\" srcset=\"https:\/\/stece.be-ge.se\/wp-content\/uploads\/2024\/02\/DSC_0760__-683x1024.webp 683w, https:\/\/stece.be-ge.se\/wp-content\/uploads\/2024\/02\/DSC_0760__-200x300.webp 200w, https:\/\/stece.be-ge.se\/wp-content\/uploads\/2024\/02\/DSC_0760__-768x1152.webp 768w, https:\/\/stece.be-ge.se\/wp-content\/uploads\/2024\/02\/DSC_0760__-8x12.webp 8w, https:\/\/stece.be-ge.se\/wp-content\/uploads\/2024\/02\/DSC_0760__.webp 900w\" sizes=\"(max-width: 683px) 100vw, 683px\" \/>\t\t\t\t\t\t\t\t\t\t\t\t\t\t\t<\/div>\n\t\t\t\t\t<\/div>\n\t\t<\/div>\n\t\t\t\t<div class=\"elementor-column elementor-col-33 elementor-top-column elementor-element elementor-element-f97fc48\" data-id=\"f97fc48\" data-element_type=\"column\" data-e-type=\"column\">\n\t\t\t<div class=\"elementor-widget-wrap elementor-element-populated\">\n\t\t\t\t\t\t<div class=\"elementor-element elementor-element-56aadba elementor-widget elementor-widget-image\" data-id=\"56aadba\" data-element_type=\"widget\" data-e-type=\"widget\" data-widget_type=\"image.default\">\n\t\t\t\t\t\t\t\t\t\t\t\t\t\t\t<img decoding=\"async\" width=\"683\" height=\"1024\" src=\"https:\/\/stece.be-ge.se\/wp-content\/uploads\/2024\/02\/DSC_0779_-683x1024.webp\" class=\"attachment-large size-large wp-image-16201\" alt=\"\" srcset=\"https:\/\/stece.be-ge.se\/wp-content\/uploads\/2024\/02\/DSC_0779_-683x1024.webp 683w, https:\/\/stece.be-ge.se\/wp-content\/uploads\/2024\/02\/DSC_0779_-200x300.webp 200w, https:\/\/stece.be-ge.se\/wp-content\/uploads\/2024\/02\/DSC_0779_-768x1152.webp 768w, https:\/\/stece.be-ge.se\/wp-content\/uploads\/2024\/02\/DSC_0779_-8x12.webp 8w, https:\/\/stece.be-ge.se\/wp-content\/uploads\/2024\/02\/DSC_0779_.webp 900w\" sizes=\"(max-width: 683px) 100vw, 683px\" \/>\t\t\t\t\t\t\t\t\t\t\t\t\t\t\t<\/div>\n\t\t\t\t\t<\/div>\n\t\t<\/div>\n\t\t\t\t<div class=\"elementor-column elementor-col-33 elementor-top-column elementor-element elementor-element-660448a\" data-id=\"660448a\" data-element_type=\"column\" data-e-type=\"column\">\n\t\t\t<div class=\"elementor-widget-wrap elementor-element-populated\">\n\t\t\t\t\t\t<div class=\"elementor-element elementor-element-38aaa3a elementor-widget elementor-widget-image\" data-id=\"38aaa3a\" data-element_type=\"widget\" data-e-type=\"widget\" data-widget_type=\"image.default\">\n\t\t\t\t\t\t\t\t\t\t\t\t\t\t\t<img decoding=\"async\" width=\"683\" height=\"1024\" src=\"https:\/\/stece.be-ge.se\/wp-content\/uploads\/2024\/02\/DSC_0762_-683x1024.webp\" class=\"attachment-large size-large wp-image-16202\" alt=\"\" srcset=\"https:\/\/stece.be-ge.se\/wp-content\/uploads\/2024\/02\/DSC_0762_-683x1024.webp 683w, https:\/\/stece.be-ge.se\/wp-content\/uploads\/2024\/02\/DSC_0762_-200x300.webp 200w, https:\/\/stece.be-ge.se\/wp-content\/uploads\/2024\/02\/DSC_0762_-768x1152.webp 768w, https:\/\/stece.be-ge.se\/wp-content\/uploads\/2024\/02\/DSC_0762_-8x12.webp 8w, https:\/\/stece.be-ge.se\/wp-content\/uploads\/2024\/02\/DSC_0762_.webp 900w\" sizes=\"(max-width: 683px) 100vw, 683px\" \/>\t\t\t\t\t\t\t\t\t\t\t\t\t\t\t<\/div>\n\t\t\t\t\t<\/div>\n\t\t<\/div>\n\t\t\t\t\t<\/div>\n\t\t<\/section>\n\t\t\t\t<section class=\"elementor-section elementor-top-section elementor-element elementor-element-8caed3e elementor-section-boxed elementor-section-height-default elementor-section-height-default\" data-id=\"8caed3e\" data-element_type=\"section\" data-e-type=\"section\">\n\t\t\t\t\t\t<div class=\"elementor-container elementor-column-gap-default\">\n\t\t\t\t\t<div class=\"elementor-column elementor-col-100 elementor-top-column elementor-element elementor-element-e28d729\" data-id=\"e28d729\" data-element_type=\"column\" data-e-type=\"column\">\n\t\t\t<div class=\"elementor-widget-wrap\">\n\t\t\t\t\t\t\t<\/div>\n\t\t<\/div>\n\t\t\t\t\t<\/div>\n\t\t<\/section>\n\t\t\t\t<section class=\"elementor-section elementor-top-section elementor-element elementor-element-4a270be9 elementor-section-boxed elementor-section-height-default elementor-section-height-default\" data-id=\"4a270be9\" data-element_type=\"section\" data-e-type=\"section\">\n\t\t\t\t\t\t<div class=\"elementor-container elementor-column-gap-wider\">\n\t\t\t\t\t<div class=\"elementor-column elementor-col-100 elementor-top-column elementor-element elementor-element-64052cb1\" data-id=\"64052cb1\" data-element_type=\"column\" data-e-type=\"column\">\n\t\t\t<div class=\"elementor-widget-wrap elementor-element-populated\">\n\t\t\t\t\t\t<div class=\"elementor-element elementor-element-3df8a18 elementor-widget elementor-widget-image\" data-id=\"3df8a18\" data-element_type=\"widget\" data-e-type=\"widget\" data-widget_type=\"image.default\">\n\t\t\t\t\t\t\t\t\t\t\t\t\t\t\t\t<a href=\"http:\/\/media.be-ge.se\/?r=2315\" target=\"_blank\">\n\t\t\t\t\t\t\t<img loading=\"lazy\" decoding=\"async\" width=\"200\" height=\"215\" src=\"https:\/\/stece.be-ge.se\/wp-content\/uploads\/2023\/03\/ISO-14001-RGB.jpg\" class=\"attachment-large size-large wp-image-15294\" alt=\"\" srcset=\"https:\/\/stece.be-ge.se\/wp-content\/uploads\/2023\/03\/ISO-14001-RGB.jpg 200w, https:\/\/stece.be-ge.se\/wp-content\/uploads\/2023\/03\/ISO-14001-RGB-11x12.jpg 11w\" sizes=\"(max-width: 200px) 100vw, 200px\" \/>\t\t\t\t\t\t\t\t<\/a>\n\t\t\t\t\t\t\t\t\t\t\t\t\t\t\t<\/div>\n\t\t\t\t<div class=\"elementor-element elementor-element-252de9d5 elementor-widget elementor-widget-text-editor\" data-id=\"252de9d5\" data-element_type=\"widget\" data-e-type=\"widget\" data-widget_type=\"text-editor.default\">\n\t\t\t\t\t\t\t\t\t<p>We openly report our environmental relationship, customers, suppliers, employees and the public. The company is certified to ISO 14001:2015.<br \/><span style=\"text-decoration: underline;\"><a href=\"http:\/\/media.be-ge.se\/?r=2315\" target=\"_blank\" rel=\"noopener\">Click here to download the certificate.<\/a><\/span><\/p>\t\t\t\t\t\t\t\t<\/div>\n\t\t\t\t\t<\/div>\n\t\t<\/div>\n\t\t\t\t\t<\/div>\n\t\t<\/section>\n\t\t\t\t<section class=\"elementor-section elementor-top-section elementor-element elementor-element-b8797b4 elementor-section-boxed elementor-section-height-default elementor-section-height-default\" data-id=\"b8797b4\" data-element_type=\"section\" data-e-type=\"section\" data-settings=\"{&quot;background_background&quot;:&quot;classic&quot;}\">\n\t\t\t\t\t\t<div class=\"elementor-container elementor-column-gap-default\">\n\t\t\t\t\t<div class=\"elementor-column elementor-col-100 elementor-top-column elementor-element elementor-element-4da0990\" data-id=\"4da0990\" data-element_type=\"column\" data-e-type=\"column\">\n\t\t\t<div class=\"elementor-widget-wrap elementor-element-populated\">\n\t\t\t\t\t\t<div class=\"elementor-element elementor-element-84ffb6e elementor-widget elementor-widget-heading\" data-id=\"84ffb6e\" data-element_type=\"widget\" data-e-type=\"widget\" data-widget_type=\"heading.default\">\n\t\t\t\t\t<h2 class=\"elementor-heading-title elementor-size-default\">We buy 100% renewable electricity. <\/h2>\t\t\t\t<\/div>\n\t\t\t\t<div class=\"elementor-element elementor-element-02c77ab elementor-widget elementor-widget-text-editor\" data-id=\"02c77ab\" data-element_type=\"widget\" data-e-type=\"widget\" data-widget_type=\"text-editor.default\">\n\t\t\t\t\t\t\t\t\t<p>Together we create a sustainable future.\u00a0<\/p>\t\t\t\t\t\t\t\t<\/div>\n\t\t\t\t<div class=\"elementor-element elementor-element-68eb496 elementor-align-center elementor-widget elementor-widget-button\" data-id=\"68eb496\" data-element_type=\"widget\" data-e-type=\"widget\" data-widget_type=\"button.default\">\n\t\t\t\t\t\t\t\t\t\t<a class=\"elementor-button elementor-button-link elementor-size-sm\" href=\"https:\/\/media.be-ge.se\/?r=14246\" target=\"_blank\">\n\t\t\t\t\t\t<span class=\"elementor-button-content-wrapper\">\n\t\t\t\t\t\t\t\t\t<span class=\"elementor-button-text\">Environmental certificate<\/span>\n\t\t\t\t\t<\/span>\n\t\t\t\t\t<\/a>\n\t\t\t\t\t\t\t\t<\/div>\n\t\t\t\t\t<\/div>\n\t\t<\/div>\n\t\t\t\t\t<\/div>\n\t\t<\/section>\n\t\t\t\t<\/div>","protected":false},"excerpt":{"rendered":"<p>Milj\u00f6 Vi p\u00e5 Be-Ge Stece AB efterstr\u00e4var att vara en del av ett l\u00e5ngsiktigt h\u00e5llbart samh\u00e4lle, genom att ta h\u00e4nsyn till milj\u00f6n. Alla i f\u00f6retaget tar ett personligt ansvar och vi st\u00f6ttar det genom utbildning, information och aktiv medverkan i milj\u00f6arbetet. Begr\u00e4nsa utsl\u00e4pp V\u00e5ra utsl\u00e4pp och st\u00f6rningar skall begr\u00e4nsas s\u00e5 l\u00e5ngt som det \u00e4r m\u00f6jligt [&hellip;]<\/p>\n","protected":false},"author":15,"featured_media":0,"parent":0,"menu_order":0,"comment_status":"closed","ping_status":"closed","template":"","meta":{"_acf_changed":false,"footnotes":""},"class_list":["post-12304","page","type-page","status-publish","hentry"],"acf":[],"_links":{"self":[{"href":"https:\/\/stece.be-ge.se\/en\/wp-json\/wp\/v2\/pages\/12304","targetHints":{"allow":["GET"]}}],"collection":[{"href":"https:\/\/stece.be-ge.se\/en\/wp-json\/wp\/v2\/pages"}],"about":[{"href":"https:\/\/stece.be-ge.se\/en\/wp-json\/wp\/v2\/types\/page"}],"author":[{"embeddable":true,"href":"https:\/\/stece.be-ge.se\/en\/wp-json\/wp\/v2\/users\/15"}],"replies":[{"embeddable":true,"href":"https:\/\/stece.be-ge.se\/en\/wp-json\/wp\/v2\/comments?post=12304"}],"version-history":[{"count":85,"href":"https:\/\/stece.be-ge.se\/en\/wp-json\/wp\/v2\/pages\/12304\/revisions"}],"predecessor-version":[{"id":16572,"href":"https:\/\/stece.be-ge.se\/en\/wp-json\/wp\/v2\/pages\/12304\/revisions\/16572"}],"wp:attachment":[{"href":"https:\/\/stece.be-ge.se\/en\/wp-json\/wp\/v2\/media?parent=12304"}],"curies":[{"name":"wp","href":"https:\/\/api.w.org\/{rel}","templated":true}]}}