{"id":12313,"date":"2022-11-25T13:33:44","date_gmt":"2022-11-25T12:33:44","guid":{"rendered":"http:\/\/stece.be-ge.se\/?page_id=12313"},"modified":"2024-11-12T08:55:33","modified_gmt":"2024-11-12T07:55:33","slug":"pressade-platartiklar","status":"publish","type":"page","link":"https:\/\/stece.be-ge.se\/en\/pressade-platartiklar\/","title":{"rendered":"Sheet metal parts"},"content":{"rendered":"<div data-elementor-type=\"wp-page\" data-elementor-id=\"12313\" class=\"elementor elementor-12313\" data-elementor-post-type=\"page\">\n\t\t\t\t\t\t<section class=\"elementor-section elementor-top-section elementor-element elementor-element-2f0ec898 elementor-section-boxed elementor-section-height-default elementor-section-height-default\" data-id=\"2f0ec898\" data-element_type=\"section\" data-e-type=\"section\">\n\t\t\t\t\t\t<div class=\"elementor-container elementor-column-gap-default\">\n\t\t\t\t\t<div class=\"elementor-column elementor-col-50 elementor-top-column elementor-element elementor-element-7c47c45c\" data-id=\"7c47c45c\" data-element_type=\"column\" data-e-type=\"column\">\n\t\t\t<div class=\"elementor-widget-wrap elementor-element-populated\">\n\t\t\t\t\t\t<div class=\"elementor-element elementor-element-ab79444 elementor-widget elementor-widget-heading\" data-id=\"ab79444\" data-element_type=\"widget\" data-e-type=\"widget\" data-widget_type=\"heading.default\">\n\t\t\t\t\t<h1 class=\"elementor-heading-title elementor-size-large\">Sheet metal parts<\/h1>\t\t\t\t<\/div>\n\t\t\t\t\t<\/div>\n\t\t<\/div>\n\t\t\t\t<div class=\"elementor-column elementor-col-50 elementor-top-column elementor-element elementor-element-16894c04\" data-id=\"16894c04\" data-element_type=\"column\" data-e-type=\"column\">\n\t\t\t<div class=\"elementor-widget-wrap elementor-element-populated\">\n\t\t\t\t\t\t<div class=\"elementor-element elementor-element-7f01d3ae elementor-widget elementor-widget-text-editor\" data-id=\"7f01d3ae\" data-element_type=\"widget\" data-e-type=\"widget\" data-widget_type=\"text-editor.default\">\n\t\t\t\t\t\t\t\t\t<p>Be-Ge Stece AB can offer stamped sheet metal parts in material thickness from 0,5 mm up to 6 mm and coil width up to 1000 mm. We manufacture parts in all types of metals.\u00a0<\/p>\t\t\t\t\t\t\t\t<\/div>\n\t\t\t\t\t<\/div>\n\t\t<\/div>\n\t\t\t\t\t<\/div>\n\t\t<\/section>\n\t\t\t\t<section class=\"elementor-section elementor-top-section elementor-element elementor-element-2446799c elementor-section-full_width elementor-section-height-min-height elementor-section-height-default elementor-section-items-middle\" data-id=\"2446799c\" data-element_type=\"section\" data-e-type=\"section\" data-settings=\"{&quot;background_background&quot;:&quot;classic&quot;}\">\n\t\t\t\t\t\t\t<div class=\"elementor-background-overlay\"><\/div>\n\t\t\t\t\t\t\t<div class=\"elementor-container elementor-column-gap-default\">\n\t\t\t\t\t<div class=\"elementor-column elementor-col-100 elementor-top-column elementor-element elementor-element-417f7ca8\" data-id=\"417f7ca8\" data-element_type=\"column\" data-e-type=\"column\">\n\t\t\t<div class=\"elementor-widget-wrap elementor-element-populated\">\n\t\t\t\t\t\t<section class=\"elementor-section elementor-inner-section elementor-element elementor-element-2393299b elementor-section-boxed elementor-section-height-default elementor-section-height-default\" data-id=\"2393299b\" data-element_type=\"section\" data-e-type=\"section\">\n\t\t\t\t\t\t<div class=\"elementor-container elementor-column-gap-default\">\n\t\t\t\t\t<div class=\"elementor-column elementor-col-100 elementor-inner-column elementor-element elementor-element-53fdc649\" data-id=\"53fdc649\" data-element_type=\"column\" data-e-type=\"column\">\n\t\t\t<div class=\"elementor-widget-wrap elementor-element-populated\">\n\t\t\t\t\t\t\t<\/div>\n\t\t<\/div>\n\t\t\t\t\t<\/div>\n\t\t<\/section>\n\t\t\t\t\t<\/div>\n\t\t<\/div>\n\t\t\t\t\t<\/div>\n\t\t<\/section>\n\t\t\t\t<section class=\"elementor-section elementor-top-section elementor-element elementor-element-457d70d5 elementor-section-boxed elementor-section-height-default elementor-section-height-default\" data-id=\"457d70d5\" data-element_type=\"section\" data-e-type=\"section\" data-settings=\"{&quot;background_background&quot;:&quot;classic&quot;}\">\n\t\t\t\t\t\t<div class=\"elementor-container elementor-column-gap-default\">\n\t\t\t\t\t<div class=\"elementor-column elementor-col-50 elementor-top-column elementor-element elementor-element-1da96282\" data-id=\"1da96282\" data-element_type=\"column\" data-e-type=\"column\" data-settings=\"{&quot;background_background&quot;:&quot;classic&quot;}\">\n\t\t\t<div class=\"elementor-widget-wrap elementor-element-populated\">\n\t\t\t\t\t\t<div class=\"elementor-element elementor-element-6edcbf4 elementor-widget elementor-widget-image\" data-id=\"6edcbf4\" data-element_type=\"widget\" data-e-type=\"widget\" data-widget_type=\"image.default\">\n\t\t\t\t\t\t\t\t\t\t\t\t\t\t\t<img fetchpriority=\"high\" decoding=\"async\" width=\"800\" height=\"534\" src=\"https:\/\/stece.be-ge.se\/wp-content\/uploads\/2022\/12\/15-Produkt-Stora-pressen__.jpg\" class=\"attachment-large size-large wp-image-12829\" alt=\"Pl\u00e5tdetaljer, Tillverkning av pressverktyg\" srcset=\"https:\/\/stece.be-ge.se\/wp-content\/uploads\/2022\/12\/15-Produkt-Stora-pressen__.jpg 1000w, https:\/\/stece.be-ge.se\/wp-content\/uploads\/2022\/12\/15-Produkt-Stora-pressen__-300x200.jpg 300w, https:\/\/stece.be-ge.se\/wp-content\/uploads\/2022\/12\/15-Produkt-Stora-pressen__-768x512.jpg 768w, https:\/\/stece.be-ge.se\/wp-content\/uploads\/2022\/12\/15-Produkt-Stora-pressen__-18x12.jpg 18w\" sizes=\"(max-width: 800px) 100vw, 800px\" \/>\t\t\t\t\t\t\t\t\t\t\t\t\t\t\t<\/div>\n\t\t\t\t<div class=\"elementor-element elementor-element-751b4da6 elementor-widget elementor-widget-heading\" data-id=\"751b4da6\" data-element_type=\"widget\" data-e-type=\"widget\" data-widget_type=\"heading.default\">\n\t\t\t\t\t<h2 class=\"elementor-heading-title elementor-size-large\">Manufacturer articles<\/h2>\t\t\t\t<\/div>\n\t\t\t\t<div class=\"elementor-element elementor-element-60f8516a elementor-widget elementor-widget-text-editor\" data-id=\"60f8516a\" data-element_type=\"widget\" data-e-type=\"widget\" data-widget_type=\"text-editor.default\">\n\t\t\t\t\t\t\t\t\t<p>We produce articles in everything from soft materials to hard spring qualities and in all types of metals. Our manufacturing is done in\nflow-oriented groups that revolve operators and our machines.<\/p>\t\t\t\t\t\t\t\t<\/div>\n\t\t\t\t\t<\/div>\n\t\t<\/div>\n\t\t\t\t<div class=\"elementor-column elementor-col-50 elementor-top-column elementor-element elementor-element-ac143da\" data-id=\"ac143da\" data-element_type=\"column\" data-e-type=\"column\" data-settings=\"{&quot;background_background&quot;:&quot;classic&quot;}\">\n\t\t\t<div class=\"elementor-widget-wrap elementor-element-populated\">\n\t\t\t\t\t\t<div class=\"elementor-element elementor-element-98d35ca elementor-widget elementor-widget-image\" data-id=\"98d35ca\" data-element_type=\"widget\" data-e-type=\"widget\" data-widget_type=\"image.default\">\n\t\t\t\t\t\t\t\t\t\t\t\t\t\t\t<img decoding=\"async\" width=\"800\" height=\"534\" src=\"https:\/\/stece.be-ge.se\/wp-content\/uploads\/2022\/12\/02-Stora-pressen.lo_.jpg\" class=\"attachment-large size-large wp-image-12830\" alt=\"Pl\u00e5tdetaljer, Tillverkning av pressverktyg\" srcset=\"https:\/\/stece.be-ge.se\/wp-content\/uploads\/2022\/12\/02-Stora-pressen.lo_.jpg 1000w, https:\/\/stece.be-ge.se\/wp-content\/uploads\/2022\/12\/02-Stora-pressen.lo_-300x200.jpg 300w, https:\/\/stece.be-ge.se\/wp-content\/uploads\/2022\/12\/02-Stora-pressen.lo_-768x512.jpg 768w, https:\/\/stece.be-ge.se\/wp-content\/uploads\/2022\/12\/02-Stora-pressen.lo_-18x12.jpg 18w\" sizes=\"(max-width: 800px) 100vw, 800px\" \/>\t\t\t\t\t\t\t\t\t\t\t\t\t\t\t<\/div>\n\t\t\t\t<div class=\"elementor-element elementor-element-ad442bf elementor-widget elementor-widget-heading\" data-id=\"ad442bf\" data-element_type=\"widget\" data-e-type=\"widget\" data-widget_type=\"heading.default\">\n\t\t\t\t\t<h2 class=\"elementor-heading-title elementor-size-large\">Capacity range<\/h2>\t\t\t\t<\/div>\n\t\t\t\t<div class=\"elementor-element elementor-element-74ffaee elementor-widget elementor-widget-text-editor\" data-id=\"74ffaee\" data-element_type=\"widget\" data-e-type=\"widget\" data-widget_type=\"text-editor.default\">\n\t\t\t\t\t\t\t\t\t<p>Our stamping capacity range from 400 kN to 8000 kN press force in both stamping- and hydraulic automated press lines. Our highly skilled staff ensures you an efficient and high quality output from our stamping processes.<\/p>\t\t\t\t\t\t\t\t<\/div>\n\t\t\t\t\t<\/div>\n\t\t<\/div>\n\t\t\t\t\t<\/div>\n\t\t<\/section>\n\t\t\t\t<section class=\"elementor-section elementor-top-section elementor-element elementor-element-25b51b58 elementor-section-boxed elementor-section-height-default elementor-section-height-default\" data-id=\"25b51b58\" data-element_type=\"section\" data-e-type=\"section\" data-settings=\"{&quot;background_background&quot;:&quot;classic&quot;}\">\n\t\t\t\t\t\t<div class=\"elementor-container elementor-column-gap-wider\">\n\t\t\t\t\t<div class=\"elementor-column elementor-col-100 elementor-top-column elementor-element elementor-element-1440f987\" data-id=\"1440f987\" data-element_type=\"column\" data-e-type=\"column\">\n\t\t\t<div class=\"elementor-widget-wrap elementor-element-populated\">\n\t\t\t\t\t\t<div class=\"elementor-element elementor-element-4d9f997 elementor-view-default elementor-widget elementor-widget-icon\" data-id=\"4d9f997\" data-element_type=\"widget\" data-e-type=\"widget\" data-widget_type=\"icon.default\">\n\t\t\t\t\t\t\t<div class=\"elementor-icon-wrapper\">\n\t\t\t<div class=\"elementor-icon\">\n\t\t\t<i aria-hidden=\"true\" class=\"fas fa-cogs\"><\/i>\t\t\t<\/div>\n\t\t<\/div>\n\t\t\t\t\t\t<\/div>\n\t\t\t\t<div class=\"elementor-element elementor-element-56a4b1a8 elementor-widget elementor-widget-text-editor\" data-id=\"56a4b1a8\" data-element_type=\"widget\" data-e-type=\"widget\" data-widget_type=\"text-editor.default\">\n\t\t\t\t\t\t\t\t\t<div id=\"\" class=\"x-text cs-ta-center bege-intro\"><p>High quality and efficient production of details through many years of experience.<\/p><\/div>\t\t\t\t\t\t\t\t<\/div>\n\t\t\t\t\t<\/div>\n\t\t<\/div>\n\t\t\t\t\t<\/div>\n\t\t<\/section>\n\t\t\t\t<section class=\"elementor-section elementor-top-section elementor-element elementor-element-3b88c426 elementor-section-boxed elementor-section-height-default elementor-section-height-default\" data-id=\"3b88c426\" data-element_type=\"section\" data-e-type=\"section\">\n\t\t\t\t\t\t<div class=\"elementor-container elementor-column-gap-default\">\n\t\t\t\t\t<div class=\"elementor-column elementor-col-100 elementor-top-column elementor-element elementor-element-19132488\" data-id=\"19132488\" data-element_type=\"column\" data-e-type=\"column\">\n\t\t\t<div class=\"elementor-widget-wrap elementor-element-populated\">\n\t\t\t\t\t\t<div class=\"elementor-element elementor-element-935932f elementor-cta--skin-cover elementor-animated-content elementor-bg-transform elementor-bg-transform-zoom-in elementor-widget elementor-widget-call-to-action\" data-id=\"935932f\" data-element_type=\"widget\" data-e-type=\"widget\" data-widget_type=\"call-to-action.default\">\n\t\t\t\t\t\t\t<div class=\"elementor-cta\">\n\t\t\t\t\t<div class=\"elementor-cta__bg-wrapper\">\n\t\t\t\t<div class=\"elementor-cta__bg elementor-bg\" style=\"background-image: url(https:\/\/stece.be-ge.se\/wp-content\/uploads\/2024\/02\/DSC_0408_.webp);\" role=\"img\" aria-label=\"DSC_0408_\"><\/div>\n\t\t\t\t<div class=\"elementor-cta__bg-overlay\"><\/div>\n\t\t\t<\/div>\n\t\t\t\t\t\t\t<div class=\"elementor-cta__content\">\n\t\t\t\t\n\t\t\t\t\t\t\t\t\t<h2 class=\"elementor-cta__title elementor-cta__content-item elementor-content-item elementor-animated-item--grow\">\n\t\t\t\t\t\tContact us\t\t\t\t\t<\/h2>\n\t\t\t\t\n\t\t\t\t\t\t\t\t\t<div class=\"elementor-cta__description elementor-cta__content-item elementor-content-item elementor-animated-item--grow\">\n\t\t\t\t\t\tDo you have questions regarding stamped sheet metal parts or want to contact us?\t\t\t\t\t<\/div>\n\t\t\t\t\n\t\t\t\t\t\t\t\t\t<div class=\"elementor-cta__button-wrapper elementor-cta__content-item elementor-content-item elementor-animated-item--grow\">\n\t\t\t\t\t<a class=\"elementor-cta__button elementor-button elementor-size-\" href=\"\/en\/kontakt\/\">\n\t\t\t\t\t\tContact us here\t\t\t\t\t<\/a>\n\t\t\t\t\t<\/div>\n\t\t\t\t\t\t\t<\/div>\n\t\t\t\t\t\t<\/div>\n\t\t\t\t\t\t<\/div>\n\t\t\t\t\t<\/div>\n\t\t<\/div>\n\t\t\t\t\t<\/div>\n\t\t<\/section>\n\t\t\t\t<\/div>","protected":false},"excerpt":{"rendered":"<p>Pressade pl\u00e5tartiklar Be-Ge Stece AB\u00a0har legotillverking av pl\u00e5tdetaljer fr\u00e5n 0,5 mm upp till 6 mm tjocklek och bandbredd upp till 1000 mm \u00e4r v\u00e5r specialitet och verksamhetens huvudfl\u00f6de.\u00a0 Tillverkar artiklar Vi tillverkar artiklar i allt fr\u00e5n mjuka material till fj\u00e4derh\u00e5rda kvalit\u00e9er och i alla typer av metaller. V\u00e5r tillverkning sker i fl\u00f6desorienterade grupper d\u00e4r k\u00e4rnan [&hellip;]<\/p>\n","protected":false},"author":15,"featured_media":0,"parent":0,"menu_order":0,"comment_status":"closed","ping_status":"closed","template":"","meta":{"_acf_changed":false,"footnotes":""},"class_list":["post-12313","page","type-page","status-publish","hentry"],"acf":[],"_links":{"self":[{"href":"https:\/\/stece.be-ge.se\/en\/wp-json\/wp\/v2\/pages\/12313","targetHints":{"allow":["GET"]}}],"collection":[{"href":"https:\/\/stece.be-ge.se\/en\/wp-json\/wp\/v2\/pages"}],"about":[{"href":"https:\/\/stece.be-ge.se\/en\/wp-json\/wp\/v2\/types\/page"}],"author":[{"embeddable":true,"href":"https:\/\/stece.be-ge.se\/en\/wp-json\/wp\/v2\/users\/15"}],"replies":[{"embeddable":true,"href":"https:\/\/stece.be-ge.se\/en\/wp-json\/wp\/v2\/comments?post=12313"}],"version-history":[{"count":70,"href":"https:\/\/stece.be-ge.se\/en\/wp-json\/wp\/v2\/pages\/12313\/revisions"}],"predecessor-version":[{"id":16499,"href":"https:\/\/stece.be-ge.se\/en\/wp-json\/wp\/v2\/pages\/12313\/revisions\/16499"}],"wp:attachment":[{"href":"https:\/\/stece.be-ge.se\/en\/wp-json\/wp\/v2\/media?parent=12313"}],"curies":[{"name":"wp","href":"https:\/\/api.w.org\/{rel}","templated":true}]}}