{"id":13313,"date":"2022-12-14T08:21:12","date_gmt":"2022-12-14T07:21:12","guid":{"rendered":"http:\/\/stece.be-ge.se\/?page_id=13313"},"modified":"2025-10-30T10:31:57","modified_gmt":"2025-10-30T09:31:57","slug":"kontaktformular-robert-nyqvist","status":"publish","type":"page","link":"https:\/\/stece.be-ge.se\/en\/kontaktformular-robert-nyqvist\/","title":{"rendered":"Contact Robert Nyqvist"},"content":{"rendered":"\t\t<div data-elementor-type=\"wp-page\" data-elementor-id=\"13313\" class=\"elementor elementor-13313\" data-elementor-post-type=\"page\">\n\t\t\t\t\t\t<section class=\"elementor-section elementor-top-section elementor-element elementor-element-2f21ff34 elementor-section-boxed elementor-section-height-default elementor-section-height-default\" data-id=\"2f21ff34\" data-element_type=\"section\" data-e-type=\"section\">\n\t\t\t\t\t\t\t<div class=\"elementor-background-overlay\"><\/div>\n\t\t\t\t\t\t\t<div class=\"elementor-container elementor-column-gap-default\">\n\t\t\t\t\t<div class=\"elementor-column elementor-col-100 elementor-top-column elementor-element elementor-element-4912b629\" data-id=\"4912b629\" data-element_type=\"column\" data-e-type=\"column\">\n\t\t\t<div class=\"elementor-widget-wrap elementor-element-populated\">\n\t\t\t\t\t\t<div class=\"elementor-element elementor-element-114b001e elementor-widget elementor-widget-heading\" data-id=\"114b001e\" data-element_type=\"widget\" data-e-type=\"widget\" data-widget_type=\"heading.default\">\n\t\t\t\t\t<h1 class=\"elementor-heading-title elementor-size-large\">Kontaktformul\u00e4r Robert Nyqvist<\/h1>\t\t\t\t<\/div>\n\t\t\t\t\t<\/div>\n\t\t<\/div>\n\t\t\t\t\t<\/div>\n\t\t<\/section>\n\t\t\t\t<section class=\"elementor-section elementor-top-section elementor-element elementor-element-5ce1145 elementor-section-boxed elementor-section-height-default elementor-section-height-default\" data-id=\"5ce1145\" data-element_type=\"section\" data-e-type=\"section\">\n\t\t\t\t\t\t<div class=\"elementor-container elementor-column-gap-default\">\n\t\t\t\t\t<div class=\"elementor-column elementor-col-100 elementor-top-column elementor-element elementor-element-c9d5554\" data-id=\"c9d5554\" data-element_type=\"column\" data-e-type=\"column\">\n\t\t\t<div class=\"elementor-widget-wrap elementor-element-populated\">\n\t\t\t\t\t\t<div class=\"elementor-element elementor-element-0dca280 elementor-widget elementor-widget-text-editor\" data-id=\"0dca280\" data-element_type=\"widget\" data-e-type=\"widget\" data-widget_type=\"text-editor.default\">\n\t\t\t\t\t\t\t\t\t<p><em>V\u00e4nligen notera: Om den person du f\u00f6rs\u00f6ker kontakta har ett aktivt autosvar kan svarstiden bli l\u00e4ngre \u00e4n normalt. Inneh\u00e5llet i autosvaret kan tyv\u00e4rr inte vidarebefordras via denna tj\u00e4nst, men ditt meddelande levereras som vanligt. Vi str\u00e4var efter att \u00e5terkomma till dig s\u00e5 snart som m\u00f6jligt och tackar f\u00f6r din f\u00f6rst\u00e5else.<\/em><\/p>\t\t\t\t\t\t\t\t<\/div>\n\t\t\t\t<div class=\"elementor-element elementor-element-653460f elementor-widget elementor-widget-shortcode\" data-id=\"653460f\" data-element_type=\"widget\" data-e-type=\"widget\" data-widget_type=\"shortcode.default\">\n\t\t\t\t\t\t\t<div class=\"elementor-shortcode\"><form class=\"af-form acf-form\" method=\"POST\" action=\"https:\/\/stece.be-ge.se\/en\/wp-json\/wp\/v2\/pages\/13313\" id=\"form_61eea7c43d546\" data-key=\"form_61eea7c43d546\" data-recaptcha-site-key=\"6Ld77-cjAAAAACmxstnP0bT9u8x3y6TO26F3Jroe\"><div class=\"af-fields acf-fields acf-form-fields -top\">\t<div id=\"acf-form-data\" class=\"acf-hidden\">\n\t\t<input type=\"hidden\" id=\"_acf_screen\" name=\"_acf_screen\" value=\"acf_form\"\/><input type=\"hidden\" id=\"_acf_post_id\" name=\"_acf_post_id\" value=\"0\"\/><input type=\"hidden\" id=\"_acf_validation\" name=\"_acf_validation\" value=\"1\"\/><input type=\"hidden\" id=\"_acf_form\" name=\"_acf_form\" value=\"0\"\/><input type=\"hidden\" id=\"_acf_nonce\" name=\"_acf_nonce\" value=\"4d82aa5824\"\/><input type=\"hidden\" id=\"_acf_changed\" name=\"_acf_changed\" value=\"0\"\/>\t<\/div>\n\t<div class=\"acf-hidden\"><input type=\"hidden\" name=\"_acfnonce\" value=\"2d45a2a3c3\"><input type=\"hidden\" name=\"nonce\" value=\"2d45a2a3c3\"><input type=\"hidden\" name=\"af_form\" value=\"form_61eea7c43d546\"><input type=\"hidden\" name=\"af_form_args\" value=\"eyJhamF4IjpmYWxzZSwiZGlzcGxheV90aXRsZSI6ZmFsc2UsImRpc3BsYXlfZGVzY3JpcHRpb24iOmZhbHNlLCJpZCI6ImZvcm1fNjFlZWE3YzQzZDU0NiIsInZhbHVlcyI6W10sInN1Ym1pdF90ZXh0IjoiU3VibWl0IiwicmVkaXJlY3QiOm51bGwsInRhcmdldCI6Imh0dHBzOlwvXC9zdGVjZS5iZS1nZS5zZVwvZW5cL3dwLWpzb25cL3dwXC92MlwvcGFnZXNcLzEzMzEzIiwiZWNobyI6dHJ1ZSwiZXhjbHVkZV9maWVsZHMiOltdLCJ1cGxvYWRlciI6IndwIiwiZmlsdGVyX21vZGUiOmZhbHNlLCJsYWJlbF9wbGFjZW1lbnQiOiJ0b3AiLCJpbnN0cnVjdGlvbl9wbGFjZW1lbnQiOiJsYWJlbCIsImhvbmV5cG90Ijp0cnVlfQ==\"><input type=\"hidden\" name=\"_acf_form\" value=\"eyJhamF4IjpmYWxzZSwiZGlzcGxheV90aXRsZSI6ZmFsc2UsImRpc3BsYXlfZGVzY3JpcHRpb24iOmZhbHNlLCJpZCI6ImZvcm1fNjFlZWE3YzQzZDU0NiIsInZhbHVlcyI6W10sInN1Ym1pdF90ZXh0IjoiU3VibWl0IiwicmVkaXJlY3QiOm51bGwsInRhcmdldCI6Imh0dHBzOlwvXC9zdGVjZS5iZS1nZS5zZVwvZW5cL3dwLWpzb25cL3dwXC92MlwvcGFnZXNcLzEzMzEzIiwiZWNobyI6dHJ1ZSwiZXhjbHVkZV9maWVsZHMiOltdLCJ1cGxvYWRlciI6IndwIiwiZmlsdGVyX21vZGUiOmZhbHNlLCJsYWJlbF9wbGFjZW1lbnQiOiJ0b3AiLCJpbnN0cnVjdGlvbl9wbGFjZW1lbnQiOiJsYWJlbCIsImhvbmV5cG90Ijp0cnVlfQ==\"><input type=\"hidden\" name=\"af_form_nonce\" value=\"5efcffacee\"><label for=\"af_email_for_non_humans_form_61eea7c43d546\" aria-hidden=\"true\">Email for non-humans<\/label><input type=\"text\" name=\"email_for_non_humans\" id=\"af_email_for_non_humans_form_61eea7c43d546\" tabindex=\"-1\" autocomplete=\"off\" \/><input type=\"hidden\" name=\"af_origin_url\" value=\"https:\/\/stece.be-ge.se\/en\/wp-json\/wp\/v2\/pages\/13313\" \/><\/div><div class=\"af-field af-field-type-text af-field-namn acf-field acf-field-text acf-field-60a2b8aa8c8f6 af-field-required\" data-name=\"namn\" data-key=\"field_60a2b8aa8c8f6\" data-type=\"text\"><div class=\"af-label acf-label\"><label for=\"acf-field_60a2b8aa8c8f6\">Ditt namn <span class=\"acf-required\">*<\/span><\/label><\/div><div class=\"af-input acf-input\"><div class=\"acf-input-wrap\"><input type=\"text\" id=\"acf-field_60a2b8aa8c8f6\" name=\"acf[field_60a2b8aa8c8f6]\" required=\"required\"\/><\/div><\/div><\/div><div class=\"af-field af-field-type-text af-field-telefonnummer acf-field acf-field-text acf-field-60a2b8d08c8f7 af-field-required\" data-name=\"telefonnummer\" data-key=\"field_60a2b8d08c8f7\" data-type=\"text\"><div class=\"af-label acf-label\"><label for=\"acf-field_60a2b8d08c8f7\">Telefonnummer <span class=\"acf-required\">*<\/span><\/label><\/div><div class=\"af-input acf-input\"><div class=\"acf-input-wrap\"><input type=\"text\" id=\"acf-field_60a2b8d08c8f7\" name=\"acf[field_60a2b8d08c8f7]\" required=\"required\"\/><\/div><\/div><\/div><div class=\"af-field af-field-type-email af-field-e-post acf-field acf-field-email acf-field-60a2b8f58c8f8 af-field-required\" data-name=\"e-post\" data-key=\"field_60a2b8f58c8f8\" data-type=\"email\"><div class=\"af-label acf-label\"><label for=\"acf-field_60a2b8f58c8f8\">E-post <span class=\"acf-required\">*<\/span><\/label><\/div><div class=\"af-input acf-input\"><div class=\"acf-input-wrap\"><input type=\"email\" id=\"acf-field_60a2b8f58c8f8\" name=\"acf[field_60a2b8f58c8f8]\" required=\"required\"\/><\/div><\/div><\/div><div class=\"af-field af-field-type-text af-field-amne acf-field acf-field-text acf-field-60a2b8ff8c8f9 af-field-required\" data-name=\"amne\" data-key=\"field_60a2b8ff8c8f9\" data-type=\"text\"><div class=\"af-label acf-label\"><label for=\"acf-field_60a2b8ff8c8f9\">\u00c4mne <span class=\"acf-required\">*<\/span><\/label><\/div><div class=\"af-input acf-input\"><div class=\"acf-input-wrap\"><input type=\"text\" id=\"acf-field_60a2b8ff8c8f9\" name=\"acf[field_60a2b8ff8c8f9]\" required=\"required\"\/><\/div><\/div><\/div><div class=\"af-field af-field-type-textarea af-field-meddelande acf-field acf-field-textarea acf-field-60a2b9088c8fa af-field-required\" data-name=\"meddelande\" data-key=\"field_60a2b9088c8fa\" data-type=\"textarea\"><div class=\"af-label acf-label\"><label for=\"acf-field_60a2b9088c8fa\">Meddelande <span class=\"acf-required\">*<\/span><\/label><\/div><div class=\"af-input acf-input\"><textarea id=\"acf-field_60a2b9088c8fa\" name=\"acf[field_60a2b9088c8fa]\" rows=\"6\" required=\"required\"><\/textarea><\/div><\/div><div class=\"af-field af-field-type-repeater af-field-file-upload acf-field acf-field-repeater acf-field-60c7469c5bc53 af-field-required\" data-name=\"file_upload\" data-key=\"field_60c7469c5bc53\" data-type=\"repeater\"><div class=\"af-label acf-label\"><label for=\"acf-field_60c7469c5bc53\">Filuppladdning <span class=\"acf-required\">*<\/span><\/label><p class=\"af-field-instructions -placement-label\">H\u00e4r kan du ladda upp en fil per rad. Format som st\u00f6ds \u00e4r JPEG, PDF och Doc.<\/p><\/div><div class=\"af-input acf-input\">\t\t<div class=\"acf-repeater -table\" data-min=\"0\" data-max=\"3\" data-pagination=\"0\" data-prefix=\"acf\">\n\t\t\t<input type=\"hidden\" name=\"acf[field_60c7469c5bc53]\" value=\"\" class=\"acf-repeater-hidden-input\"\/>\t\t\t<table class=\"acf-table\">\n\t\t\t\t\t\t<thead>\n\t\t\t<tr>\n\t\t\t\t\t\t\t\t\t<th class=\"acf-row-handle\"><\/th>\n\t\t\t\t\n\t\t\t\t\t\t\t\t\t<th class=\"acf-th\" data-name=\"bifogade_filer\" data-type=\"file\" data-key=\"field_6246c7051762c\">\n\t\t\t\t\t\t<label>Bifogade filer <span class=\"acf-required\">*<\/span><\/label>\t\t\t\t\t\t\t\t\t\t\t<\/th>\n\t\t\t\t\n\t\t\t\t\t\t\t\t\t<th class=\"acf-row-handle\"><\/th>\n\t\t\t\t\t\t\t<\/tr>\n\t\t<\/thead>\n\t\t\t\t\t\t<tbody>\n\t\t\t\t\t<tr class=\"acf-row acf-clone\" data-id=\"acfcloneindex\">\t\t<td class=\"acf-row-handle order\" title=\"Drag to reorder\">\n\t\t\t\t\t\t<span class=\"acf-row-number\" title=\"Click to reorder\">1<\/span>\t\t<\/td>\n\t\t<td class=\"acf-field acf-field-file acf-field-6246c7051762c is-required\" data-name=\"bifogade_filer\" data-type=\"file\" data-key=\"field_6246c7051762c\" data-required=\"1\">\n<div class=\"acf-input\">\n<div class=\"acf-file-uploader\" data-library=\"uploadedTo\" data-mime_types=\"jpeg,jpg,pdf,doc,docx\" data-uploader=\"basic\">\n\t\t\t<input type=\"hidden\" name=\"acf[field_60c7469c5bc53][acfcloneindex][field_6246c7051762c]\" value=\"\" data-name=\"id\"\/>\t<div class=\"show-if-value file-wrap\" tabindex=\"0\" role=\"button\" aria-label=\"Selected file. Press tab to access file options.\">\n\t\t<div class=\"file-icon\">\n\t\t\t<img decoding=\"async\" data-name=\"icon\" src=\"\" alt=\"\"\/>\n\t\t<\/div>\n\t\t<div class=\"file-info\">\n\t\t\t<p>\n\t\t\t\t<strong data-name=\"title\"><\/strong>\n\t\t\t<\/p>\n\t\t\t<p>\n\t\t\t\t<strong>File name:<\/strong>\n\t\t\t\t<a data-name=\"filename\" href=\"\" target=\"_blank\"><\/a>\n\t\t\t<\/p>\n\t\t\t<p>\n\t\t\t\t<strong>File size:<\/strong>\n\t\t\t\t<span data-name=\"filesize\"><\/span>\n\t\t\t<\/p>\n\t\t<\/div>\n\t\t<div class=\"acf-actions -hover\">\n\t\t\t\t\t\t<a class=\"acf-icon -cancel dark\" data-name=\"remove\" href=\"#\" title=\"Remove\" aria-label=\"Remove file\"><\/a>\n\t\t<\/div>\n\t<\/div>\n\t<div class=\"hide-if-value\">\n\t\t\t\t\t\t\n\t\t\t\t\t\t\t\n\t\t\t<label class=\"acf-basic-uploader\">\n\t\t\t\t<input type=\"file\" name=\"acf[field_60c7469c5bc53][acfcloneindex][field_6246c7051762c]\" id=\"acf-field_60c7469c5bc53-acfcloneindex-field_6246c7051762c\" key=\"field_6246c7051762c\" accept=\"jpeg,jpg,pdf,doc,docx\" \/><input type=\"hidden\" name=\"acf[field_6246c7051762c_file_nonce]\" value=\"146e9f46eb\" \/>\t\t\t<\/label>\n\t\t\t\n\t\t\t\t\n\t<\/div>\n<\/div>\n\t\t\t<\/div>\n<\/td>\n\t\t<td class=\"acf-row-handle remove\">\n\t\t\t<a class=\"acf-icon -plus small acf-js-tooltip hide-on-shift\" href=\"#\" data-event=\"add-row\" title=\"Add row\"><\/a>\n\t\t\t<a class=\"acf-icon -duplicate small acf-js-tooltip show-on-shift\" href=\"#\" data-event=\"duplicate-row\" title=\"Duplicate row\"><\/a>\n\t\t\t<a class=\"acf-icon -minus small acf-js-tooltip\" href=\"#\" data-event=\"remove-row\" title=\"Remove row\"><\/a>\n\t\t<\/td>\n\t\t<\/tr>\t\t\t\t<\/tbody>\n\t\t\t<\/table>\n\t\t\t\t\t<div class=\"acf-actions\">\n\t\t\t<a class=\"acf-button acf-repeater-add-row button button-primary\" href=\"#\" data-event=\"add-row\">L\u00e4gg till fil<\/a>\n\t\t\t\t\t\t<div class=\"clear\"><\/div>\n\t\t<\/div>\n\t\t\t\t<\/div>\n\t\t<\/div><\/div><div class=\"af-submit acf-form-submit\"><button type=\"submit\" class=\"acf-button af-submit-button\">Submit<\/button><span class=\"acf-spinner af-spinner\"><\/span><\/div><\/div><\/form><\/div>\n\t\t\t\t\t\t<\/div>\n\t\t\t\t\t<\/div>\n\t\t<\/div>\n\t\t\t\t\t<\/div>\n\t\t<\/section>\n\t\t\t\t<\/div>\n\t\t","protected":false},"excerpt":{"rendered":"<p>Kontaktformul\u00e4r Robert Nyqvist V\u00e4nligen notera: Om den person du f\u00f6rs\u00f6ker kontakta har ett aktivt autosvar kan svarstiden bli l\u00e4ngre \u00e4n normalt. Inneh\u00e5llet i autosvaret kan tyv\u00e4rr inte vidarebefordras via denna tj\u00e4nst, men ditt meddelande levereras som vanligt. Vi str\u00e4var efter att \u00e5terkomma till dig s\u00e5 snart som m\u00f6jligt och tackar f\u00f6r din f\u00f6rst\u00e5else.<\/p>","protected":false},"author":14,"featured_media":0,"parent":0,"menu_order":0,"comment_status":"closed","ping_status":"closed","template":"","meta":{"_acf_changed":false,"footnotes":""},"class_list":["post-13313","page","type-page","status-publish","hentry"],"acf":[],"_links":{"self":[{"href":"https:\/\/stece.be-ge.se\/en\/wp-json\/wp\/v2\/pages\/13313","targetHints":{"allow":["GET"]}}],"collection":[{"href":"https:\/\/stece.be-ge.se\/en\/wp-json\/wp\/v2\/pages"}],"about":[{"href":"https:\/\/stece.be-ge.se\/en\/wp-json\/wp\/v2\/types\/page"}],"author":[{"embeddable":true,"href":"https:\/\/stece.be-ge.se\/en\/wp-json\/wp\/v2\/users\/14"}],"replies":[{"embeddable":true,"href":"https:\/\/stece.be-ge.se\/en\/wp-json\/wp\/v2\/comments?post=13313"}],"version-history":[{"count":34,"href":"https:\/\/stece.be-ge.se\/en\/wp-json\/wp\/v2\/pages\/13313\/revisions"}],"predecessor-version":[{"id":16813,"href":"https:\/\/stece.be-ge.se\/en\/wp-json\/wp\/v2\/pages\/13313\/revisions\/16813"}],"wp:attachment":[{"href":"https:\/\/stece.be-ge.se\/en\/wp-json\/wp\/v2\/media?parent=13313"}],"curies":[{"name":"wp","href":"https:\/\/api.w.org\/{rel}","templated":true}]}}