{"id":13469,"date":"2022-12-20T14:36:25","date_gmt":"2022-12-20T13:36:25","guid":{"rendered":"http:\/\/stece.be-ge.se\/?page_id=13469"},"modified":"2024-02-09T08:36:47","modified_gmt":"2024-02-09T07:36:47","slug":"hallbarhet","status":"publish","type":"page","link":"https:\/\/stece.be-ge.se\/en\/hallbarhet\/","title":{"rendered":"Sustainability"},"content":{"rendered":"<div data-elementor-type=\"wp-page\" data-elementor-id=\"13469\" class=\"elementor elementor-13469\" data-elementor-post-type=\"page\">\n\t\t\t\t\t\t<section class=\"elementor-section elementor-top-section elementor-element elementor-element-4fac1ac6 elementor-section-boxed elementor-section-height-default elementor-section-height-default\" data-id=\"4fac1ac6\" data-element_type=\"section\" data-e-type=\"section\">\n\t\t\t\t\t\t<div class=\"elementor-container elementor-column-gap-default\">\n\t\t\t\t\t<div class=\"elementor-column elementor-col-50 elementor-top-column elementor-element elementor-element-73ccd8a4\" data-id=\"73ccd8a4\" data-element_type=\"column\" data-e-type=\"column\">\n\t\t\t<div class=\"elementor-widget-wrap elementor-element-populated\">\n\t\t\t\t\t\t<div class=\"elementor-element elementor-element-530151b1 elementor-widget elementor-widget-heading\" data-id=\"530151b1\" data-element_type=\"widget\" data-e-type=\"widget\" data-widget_type=\"heading.default\">\n\t\t\t\t\t<h1 class=\"elementor-heading-title elementor-size-large\">Sustainability<\/h1>\t\t\t\t<\/div>\n\t\t\t\t\t<\/div>\n\t\t<\/div>\n\t\t\t\t<div class=\"elementor-column elementor-col-50 elementor-top-column elementor-element elementor-element-319bf905\" data-id=\"319bf905\" data-element_type=\"column\" data-e-type=\"column\">\n\t\t\t<div class=\"elementor-widget-wrap elementor-element-populated\">\n\t\t\t\t\t\t<div class=\"elementor-element elementor-element-199cc2ac elementor-widget elementor-widget-text-editor\" data-id=\"199cc2ac\" data-element_type=\"widget\" data-e-type=\"widget\" data-widget_type=\"text-editor.default\">\n\t\t\t\t\t\t\t\t\t<p>Be-Ge Stece AB are working for a long-term sustainable development, which includes responsible use of nature\u2019s resources etc. Resources like water and electricity are crucial in our operation and in every stage, we work towards a greener sheet metal processing. Our sustainability efforts contribute to a significant reduce of the company\u2019s environmental impact.<\/p>\t\t\t\t\t\t\t\t<\/div>\n\t\t\t\t\t<\/div>\n\t\t<\/div>\n\t\t\t\t\t<\/div>\n\t\t<\/section>\n\t\t\t\t<section class=\"elementor-section elementor-top-section elementor-element elementor-element-3c8a8964 elementor-section-full_width elementor-section-height-min-height elementor-section-height-default elementor-section-items-middle\" data-id=\"3c8a8964\" data-element_type=\"section\" data-e-type=\"section\" data-settings=\"{&quot;background_background&quot;:&quot;classic&quot;}\">\n\t\t\t\t\t\t\t<div class=\"elementor-background-overlay\"><\/div>\n\t\t\t\t\t\t\t<div class=\"elementor-container elementor-column-gap-default\">\n\t\t\t\t\t<div class=\"elementor-column elementor-col-100 elementor-top-column elementor-element elementor-element-113dda6f\" data-id=\"113dda6f\" data-element_type=\"column\" data-e-type=\"column\">\n\t\t\t<div class=\"elementor-widget-wrap elementor-element-populated\">\n\t\t\t\t\t\t<section class=\"elementor-section elementor-inner-section elementor-element elementor-element-39106a2c elementor-section-boxed elementor-section-height-default elementor-section-height-default\" data-id=\"39106a2c\" data-element_type=\"section\" data-e-type=\"section\">\n\t\t\t\t\t\t<div class=\"elementor-container elementor-column-gap-default\">\n\t\t\t\t\t<div class=\"elementor-column elementor-col-100 elementor-inner-column elementor-element elementor-element-52e6260e\" data-id=\"52e6260e\" data-element_type=\"column\" data-e-type=\"column\">\n\t\t\t<div class=\"elementor-widget-wrap elementor-element-populated\">\n\t\t\t\t\t\t\t<\/div>\n\t\t<\/div>\n\t\t\t\t\t<\/div>\n\t\t<\/section>\n\t\t\t\t\t<\/div>\n\t\t<\/div>\n\t\t\t\t\t<\/div>\n\t\t<\/section>\n\t\t\t\t<section class=\"elementor-section elementor-top-section elementor-element elementor-element-8e4db73 elementor-section-boxed elementor-section-height-default elementor-section-height-default\" data-id=\"8e4db73\" data-element_type=\"section\" data-e-type=\"section\">\n\t\t\t\t\t\t<div class=\"elementor-container elementor-column-gap-default\">\n\t\t\t\t\t<div class=\"elementor-column elementor-col-50 elementor-top-column elementor-element elementor-element-27111a09\" data-id=\"27111a09\" data-element_type=\"column\" data-e-type=\"column\">\n\t\t\t<div class=\"elementor-widget-wrap elementor-element-populated\">\n\t\t\t\t\t\t<div class=\"elementor-element elementor-element-124e1c9 elementor-widget elementor-widget-image\" data-id=\"124e1c9\" data-element_type=\"widget\" data-e-type=\"widget\" data-widget_type=\"image.default\">\n\t\t\t\t\t\t\t\t\t\t\t\t\t\t\t<img fetchpriority=\"high\" decoding=\"async\" width=\"800\" height=\"533\" src=\"https:\/\/stece.be-ge.se\/wp-content\/uploads\/2024\/02\/DSC_0760_-1-1024x682.webp\" class=\"attachment-large size-large wp-image-16152\" alt=\"\" srcset=\"https:\/\/stece.be-ge.se\/wp-content\/uploads\/2024\/02\/DSC_0760_-1-1024x682.webp 1024w, https:\/\/stece.be-ge.se\/wp-content\/uploads\/2024\/02\/DSC_0760_-1-300x200.webp 300w, https:\/\/stece.be-ge.se\/wp-content\/uploads\/2024\/02\/DSC_0760_-1-768x512.webp 768w, https:\/\/stece.be-ge.se\/wp-content\/uploads\/2024\/02\/DSC_0760_-1-1536x1024.webp 1536w, https:\/\/stece.be-ge.se\/wp-content\/uploads\/2024\/02\/DSC_0760_-1-18x12.webp 18w, https:\/\/stece.be-ge.se\/wp-content\/uploads\/2024\/02\/DSC_0760_-1.webp 2000w\" sizes=\"(max-width: 800px) 100vw, 800px\" \/>\t\t\t\t\t\t\t\t\t\t\t\t\t\t\t<\/div>\n\t\t\t\t\t<\/div>\n\t\t<\/div>\n\t\t\t\t<div class=\"elementor-column elementor-col-50 elementor-top-column elementor-element elementor-element-d0fc8a9\" data-id=\"d0fc8a9\" data-element_type=\"column\" data-e-type=\"column\">\n\t\t\t<div class=\"elementor-widget-wrap elementor-element-populated\">\n\t\t\t\t\t\t<div class=\"elementor-element elementor-element-64f5b19 elementor-widget elementor-widget-heading\" data-id=\"64f5b19\" data-element_type=\"widget\" data-e-type=\"widget\" data-widget_type=\"heading.default\">\n\t\t\t\t\t<h2 class=\"elementor-heading-title elementor-size-large\">Sustainable water usage<\/h2>\t\t\t\t<\/div>\n\t\t\t\t<div class=\"elementor-element elementor-element-418dcfe elementor-widget elementor-widget-text-editor\" data-id=\"418dcfe\" data-element_type=\"widget\" data-e-type=\"widget\" data-widget_type=\"text-editor.default\">\n\t\t\t\t\t\t\t\t\t<p>Water is an important resource in Be-Ge Stece AS\u2019s operation. It is used for the cooling process of the furnaces and as base in the surface treatment processes. Instead of using municipal drinking water, we collect water from our own well as much as possible. The well covers two thirds of our process water. After use, the water is pumped through our own treatment plant where it is recycled to be used again. The water that leaves the facility is controlled strictly by a third-party laboratory. The emissions are examined to ensure that substances, such as zinc, are kept within the approved values. The levels in our water are well below the limit set by the County Administrative Board in our operating permit.<\/p>\t\t\t\t\t\t\t\t<\/div>\n\t\t\t\t\t<\/div>\n\t\t<\/div>\n\t\t\t\t\t<\/div>\n\t\t<\/section>\n\t\t\t\t<section class=\"elementor-section elementor-top-section elementor-element elementor-element-1a8e8144 elementor-section-boxed elementor-section-height-default elementor-section-height-default\" data-id=\"1a8e8144\" data-element_type=\"section\" data-e-type=\"section\" data-settings=\"{&quot;background_background&quot;:&quot;classic&quot;}\">\n\t\t\t\t\t\t<div class=\"elementor-container elementor-column-gap-wider\">\n\t\t\t\t\t<div class=\"elementor-column elementor-col-100 elementor-top-column elementor-element elementor-element-455b58b\" data-id=\"455b58b\" data-element_type=\"column\" data-e-type=\"column\">\n\t\t\t<div class=\"elementor-widget-wrap elementor-element-populated\">\n\t\t\t\t\t\t<div class=\"elementor-element elementor-element-3882493c elementor-widget elementor-widget-heading\" data-id=\"3882493c\" data-element_type=\"widget\" data-e-type=\"widget\" data-widget_type=\"heading.default\">\n\t\t\t\t\t<h2 class=\"elementor-heading-title elementor-size-large\">Energy efficient operation<\/h2>\t\t\t\t<\/div>\n\t\t\t\t<section class=\"elementor-section elementor-inner-section elementor-element elementor-element-a70b666 elementor-section-boxed elementor-section-height-default elementor-section-height-default\" data-id=\"a70b666\" data-element_type=\"section\" data-e-type=\"section\">\n\t\t\t\t\t\t<div class=\"elementor-container elementor-column-gap-default\">\n\t\t\t\t\t<div class=\"elementor-column elementor-col-33 elementor-inner-column elementor-element elementor-element-4bb3bfd\" data-id=\"4bb3bfd\" data-element_type=\"column\" data-e-type=\"column\" data-settings=\"{&quot;background_background&quot;:&quot;classic&quot;}\">\n\t\t\t<div class=\"elementor-widget-wrap elementor-element-populated\">\n\t\t\t\t\t\t<div class=\"elementor-element elementor-element-a7e591e elementor-widget elementor-widget-image\" data-id=\"a7e591e\" data-element_type=\"widget\" data-e-type=\"widget\" data-widget_type=\"image.default\">\n\t\t\t\t\t\t\t\t\t\t\t\t\t\t\t<img decoding=\"async\" width=\"800\" height=\"533\" src=\"https:\/\/stece.be-ge.se\/wp-content\/uploads\/2024\/02\/DSC_0067__.webp\" class=\"attachment-large size-large wp-image-16156\" alt=\"\" srcset=\"https:\/\/stece.be-ge.se\/wp-content\/uploads\/2024\/02\/DSC_0067__.webp 900w, https:\/\/stece.be-ge.se\/wp-content\/uploads\/2024\/02\/DSC_0067__-300x200.webp 300w, https:\/\/stece.be-ge.se\/wp-content\/uploads\/2024\/02\/DSC_0067__-768x512.webp 768w, https:\/\/stece.be-ge.se\/wp-content\/uploads\/2024\/02\/DSC_0067__-18x12.webp 18w\" sizes=\"(max-width: 800px) 100vw, 800px\" \/>\t\t\t\t\t\t\t\t\t\t\t\t\t\t\t<\/div>\n\t\t\t\t<div class=\"elementor-element elementor-element-5346766 elementor-widget elementor-widget-heading\" data-id=\"5346766\" data-element_type=\"widget\" data-e-type=\"widget\" data-widget_type=\"heading.default\">\n\t\t\t\t\t<h2 class=\"elementor-heading-title elementor-size-default\">Heating<\/h2>\t\t\t\t<\/div>\n\t\t\t\t<div class=\"elementor-element elementor-element-9a11fbe elementor-widget elementor-widget-text-editor\" data-id=\"9a11fbe\" data-element_type=\"widget\" data-e-type=\"widget\" data-widget_type=\"text-editor.default\">\n\t\t\t\t\t\t\t\t\t<p>To reduce our environmental impact, Be-Ge Stece AB is at the forefront with the company\u2019s energy use. One of the facilities is heated by energy efficient heat pumps, while the remaining facilities are connected to the municipal district heating network, which produces heat from the combustion of residual products from the pulp and wood industry.<\/p>\t\t\t\t\t\t\t\t<\/div>\n\t\t\t\t\t<\/div>\n\t\t<\/div>\n\t\t\t\t<div class=\"elementor-column elementor-col-33 elementor-inner-column elementor-element elementor-element-1914b16\" data-id=\"1914b16\" data-element_type=\"column\" data-e-type=\"column\" data-settings=\"{&quot;background_background&quot;:&quot;classic&quot;}\">\n\t\t\t<div class=\"elementor-widget-wrap elementor-element-populated\">\n\t\t\t\t\t\t<div class=\"elementor-element elementor-element-7d844c1 elementor-widget elementor-widget-image\" data-id=\"7d844c1\" data-element_type=\"widget\" data-e-type=\"widget\" data-widget_type=\"image.default\">\n\t\t\t\t\t\t\t\t\t\t\t\t\t\t\t<img decoding=\"async\" width=\"800\" height=\"533\" src=\"https:\/\/stece.be-ge.se\/wp-content\/uploads\/2024\/02\/DSC_0768-kopiera_inlagg2_.webp\" class=\"attachment-large size-large wp-image-16157\" alt=\"\" srcset=\"https:\/\/stece.be-ge.se\/wp-content\/uploads\/2024\/02\/DSC_0768-kopiera_inlagg2_.webp 900w, https:\/\/stece.be-ge.se\/wp-content\/uploads\/2024\/02\/DSC_0768-kopiera_inlagg2_-300x200.webp 300w, https:\/\/stece.be-ge.se\/wp-content\/uploads\/2024\/02\/DSC_0768-kopiera_inlagg2_-768x512.webp 768w, https:\/\/stece.be-ge.se\/wp-content\/uploads\/2024\/02\/DSC_0768-kopiera_inlagg2_-18x12.webp 18w\" sizes=\"(max-width: 800px) 100vw, 800px\" \/>\t\t\t\t\t\t\t\t\t\t\t\t\t\t\t<\/div>\n\t\t\t\t<div class=\"elementor-element elementor-element-cd12374 elementor-widget elementor-widget-heading\" data-id=\"cd12374\" data-element_type=\"widget\" data-e-type=\"widget\" data-widget_type=\"heading.default\">\n\t\t\t\t\t<h2 class=\"elementor-heading-title elementor-size-default\">Solar cells<\/h2>\t\t\t\t<\/div>\n\t\t\t\t<div class=\"elementor-element elementor-element-c6c4f42 elementor-widget elementor-widget-text-editor\" data-id=\"c6c4f42\" data-element_type=\"widget\" data-e-type=\"widget\" data-widget_type=\"text-editor.default\">\n\t\t\t\t\t\t\t\t\t<p>Solar cells have also been installed on the facility, which cover 20 percent of the operation\u2019s annual consumption. Since before, the electricity that is purchased is 100 percent fossil-free. The solar cells contribute to the energy consumption also being renewable energy.<\/p>\t\t\t\t\t\t\t\t<\/div>\n\t\t\t\t\t<\/div>\n\t\t<\/div>\n\t\t\t\t<div class=\"elementor-column elementor-col-33 elementor-inner-column elementor-element elementor-element-a1cc30b\" data-id=\"a1cc30b\" data-element_type=\"column\" data-e-type=\"column\" data-settings=\"{&quot;background_background&quot;:&quot;classic&quot;}\">\n\t\t\t<div class=\"elementor-widget-wrap elementor-element-populated\">\n\t\t\t\t\t\t<div class=\"elementor-element elementor-element-a504178 elementor-widget elementor-widget-image\" data-id=\"a504178\" data-element_type=\"widget\" data-e-type=\"widget\" data-widget_type=\"image.default\">\n\t\t\t\t\t\t\t\t\t\t\t\t\t\t\t<img loading=\"lazy\" decoding=\"async\" width=\"800\" height=\"533\" src=\"https:\/\/stece.be-ge.se\/wp-content\/uploads\/2024\/02\/DSC_0408__.webp\" class=\"attachment-large size-large wp-image-16158\" alt=\"\" srcset=\"https:\/\/stece.be-ge.se\/wp-content\/uploads\/2024\/02\/DSC_0408__.webp 900w, https:\/\/stece.be-ge.se\/wp-content\/uploads\/2024\/02\/DSC_0408__-300x200.webp 300w, https:\/\/stece.be-ge.se\/wp-content\/uploads\/2024\/02\/DSC_0408__-768x512.webp 768w, https:\/\/stece.be-ge.se\/wp-content\/uploads\/2024\/02\/DSC_0408__-18x12.webp 18w\" sizes=\"(max-width: 800px) 100vw, 800px\" \/>\t\t\t\t\t\t\t\t\t\t\t\t\t\t\t<\/div>\n\t\t\t\t<div class=\"elementor-element elementor-element-bf3ed9a elementor-widget elementor-widget-heading\" data-id=\"bf3ed9a\" data-element_type=\"widget\" data-e-type=\"widget\" data-widget_type=\"heading.default\">\n\t\t\t\t\t<h2 class=\"elementor-heading-title elementor-size-default\">Energy saving<\/h2>\t\t\t\t<\/div>\n\t\t\t\t<div class=\"elementor-element elementor-element-df534f8 elementor-widget elementor-widget-text-editor\" data-id=\"df534f8\" data-element_type=\"widget\" data-e-type=\"widget\" data-widget_type=\"text-editor.default\">\n\t\t\t\t\t\t\t\t\t<p>To use the energy as efficiently as possible, our air compressors only run when they are needed and leaks in the system are sealed. This results in improvements of the operating conditions for the ventilation as the fans draw less power, while at the same time we reuse the heat in the exhaust air.<\/p>\t\t\t\t\t\t\t\t<\/div>\n\t\t\t\t\t<\/div>\n\t\t<\/div>\n\t\t\t\t\t<\/div>\n\t\t<\/section>\n\t\t\t\t\t<\/div>\n\t\t<\/div>\n\t\t\t\t\t<\/div>\n\t\t<\/section>\n\t\t\t\t<section class=\"elementor-section elementor-top-section elementor-element elementor-element-4c8f7b1e elementor-section-boxed elementor-section-height-default elementor-section-height-default\" data-id=\"4c8f7b1e\" data-element_type=\"section\" data-e-type=\"section\" data-settings=\"{&quot;background_background&quot;:&quot;classic&quot;}\">\n\t\t\t\t\t\t<div class=\"elementor-container elementor-column-gap-default\">\n\t\t\t\t\t<div class=\"elementor-column elementor-col-100 elementor-top-column elementor-element elementor-element-36804222\" data-id=\"36804222\" data-element_type=\"column\" data-e-type=\"column\">\n\t\t\t<div class=\"elementor-widget-wrap elementor-element-populated\">\n\t\t\t\t\t\t<div class=\"elementor-element elementor-element-cbf3607 elementor-view-default elementor-widget elementor-widget-icon\" data-id=\"cbf3607\" data-element_type=\"widget\" data-e-type=\"widget\" data-widget_type=\"icon.default\">\n\t\t\t\t\t\t\t<div class=\"elementor-icon-wrapper\">\n\t\t\t<div class=\"elementor-icon\">\n\t\t\t<i aria-hidden=\"true\" class=\"fas fa-sync\"><\/i>\t\t\t<\/div>\n\t\t<\/div>\n\t\t\t\t\t\t<\/div>\n\t\t\t\t<div class=\"elementor-element elementor-element-408cf2ac elementor-widget elementor-widget-text-editor\" data-id=\"408cf2ac\" data-element_type=\"widget\" data-e-type=\"widget\" data-widget_type=\"text-editor.default\">\n\t\t\t\t\t\t\t\t\t<p class=\"MsoNormal\">At Be-Ge Stece AB, we work purposefully forward to constantly develop the operation based on a long-term and sustainable perspective.<\/p>\t\t\t\t\t\t\t\t<\/div>\n\t\t\t\t\t<\/div>\n\t\t<\/div>\n\t\t\t\t\t<\/div>\n\t\t<\/section>\n\t\t\t\t<section class=\"elementor-section elementor-top-section elementor-element elementor-element-50d6569 elementor-section-boxed elementor-section-height-default elementor-section-height-default\" data-id=\"50d6569\" data-element_type=\"section\" data-e-type=\"section\" data-settings=\"{&quot;background_background&quot;:&quot;classic&quot;}\">\n\t\t\t\t\t\t<div class=\"elementor-container elementor-column-gap-default\">\n\t\t\t\t\t<div class=\"elementor-column elementor-col-100 elementor-top-column elementor-element elementor-element-e616b61\" data-id=\"e616b61\" data-element_type=\"column\" data-e-type=\"column\">\n\t\t\t<div class=\"elementor-widget-wrap elementor-element-populated\">\n\t\t\t\t\t\t<div class=\"elementor-element elementor-element-227c723 elementor-cta--skin-cover elementor-animated-content elementor-bg-transform elementor-bg-transform-zoom-in elementor-widget elementor-widget-call-to-action\" data-id=\"227c723\" data-element_type=\"widget\" data-e-type=\"widget\" data-widget_type=\"call-to-action.default\">\n\t\t\t\t\t\t\t<div class=\"elementor-cta\">\n\t\t\t\t\t<div class=\"elementor-cta__bg-wrapper\">\n\t\t\t\t<div class=\"elementor-cta__bg elementor-bg\" style=\"background-image: url(https:\/\/stece.be-ge.se\/wp-content\/uploads\/2024\/02\/DSC_0374__.webp);\" role=\"img\" aria-label=\"DSC_0374__\"><\/div>\n\t\t\t\t<div class=\"elementor-cta__bg-overlay\"><\/div>\n\t\t\t<\/div>\n\t\t\t\t\t\t\t<div class=\"elementor-cta__content\">\n\t\t\t\t\n\t\t\t\t\t\t\t\t\t<h2 class=\"elementor-cta__title elementor-cta__content-item elementor-content-item elementor-animated-item--grow\">\n\t\t\t\t\t\tContact us\t\t\t\t\t<\/h2>\n\t\t\t\t\n\t\t\t\t\t\t\t\t\t<div class=\"elementor-cta__description elementor-cta__content-item elementor-content-item elementor-animated-item--grow\">\n\t\t\t\t\t\tDo you have any questions or want to come in contact with us?\t\t\t\t\t<\/div>\n\t\t\t\t\n\t\t\t\t\t\t\t\t\t<div class=\"elementor-cta__button-wrapper elementor-cta__content-item elementor-content-item elementor-animated-item--grow\">\n\t\t\t\t\t<a class=\"elementor-cta__button elementor-button elementor-size-\" href=\"\/en\/kontakt\/\">\n\t\t\t\t\t\tContact us here\t\t\t\t\t<\/a>\n\t\t\t\t\t<\/div>\n\t\t\t\t\t\t\t<\/div>\n\t\t\t\t\t\t<\/div>\n\t\t\t\t\t\t<\/div>\n\t\t\t\t\t<\/div>\n\t\t<\/div>\n\t\t\t\t\t<\/div>\n\t\t<\/section>\n\t\t\t\t<\/div>","protected":false},"excerpt":{"rendered":"<p>H\u00e5llbarhet Be-Ge Stece AB arbetar f\u00f6r en l\u00e5ngsiktig h\u00e5llbar utveckling, d\u00e4r bl a ansvarsfullt anv\u00e4ndande av naturens resurser ing\u00e5r. Resurser som vatten och elektricitet \u00e4r avg\u00f6rande f\u00f6r verksamheten och i varje led arbetar vi mot en gr\u00f6nare pl\u00e5tbearbetning. V\u00e5ra h\u00e5llbarhetssatsningar bidrar till en signifikant minskning av f\u00f6retagets milj\u00f6p\u00e5verkan. H\u00e5llbar vattenanv\u00e4ndning Vatten \u00e4r en mycket viktig [&hellip;]<\/p>\n","protected":false},"author":15,"featured_media":0,"parent":0,"menu_order":0,"comment_status":"closed","ping_status":"closed","template":"","meta":{"_acf_changed":false,"footnotes":""},"class_list":["post-13469","page","type-page","status-publish","hentry"],"acf":[],"_links":{"self":[{"href":"https:\/\/stece.be-ge.se\/en\/wp-json\/wp\/v2\/pages\/13469","targetHints":{"allow":["GET"]}}],"collection":[{"href":"https:\/\/stece.be-ge.se\/en\/wp-json\/wp\/v2\/pages"}],"about":[{"href":"https:\/\/stece.be-ge.se\/en\/wp-json\/wp\/v2\/types\/page"}],"author":[{"embeddable":true,"href":"https:\/\/stece.be-ge.se\/en\/wp-json\/wp\/v2\/users\/15"}],"replies":[{"embeddable":true,"href":"https:\/\/stece.be-ge.se\/en\/wp-json\/wp\/v2\/comments?post=13469"}],"version-history":[{"count":139,"href":"https:\/\/stece.be-ge.se\/en\/wp-json\/wp\/v2\/pages\/13469\/revisions"}],"predecessor-version":[{"id":16222,"href":"https:\/\/stece.be-ge.se\/en\/wp-json\/wp\/v2\/pages\/13469\/revisions\/16222"}],"wp:attachment":[{"href":"https:\/\/stece.be-ge.se\/en\/wp-json\/wp\/v2\/media?parent=13469"}],"curies":[{"name":"wp","href":"https:\/\/api.w.org\/{rel}","templated":true}]}}