{"id":16678,"date":"2025-06-02T16:16:30","date_gmt":"2025-06-02T14:16:30","guid":{"rendered":"https:\/\/stece.be-ge.se\/?page_id=16678"},"modified":"2025-06-03T14:46:26","modified_gmt":"2025-06-03T12:46:26","slug":"code-of-conduct","status":"publish","type":"page","link":"https:\/\/stece.be-ge.se\/en\/code-of-conduct\/","title":{"rendered":"Code of Conduct"},"content":{"rendered":"<div data-elementor-type=\"wp-page\" data-elementor-id=\"16678\" class=\"elementor elementor-16678\" data-elementor-post-type=\"page\">\n\t\t\t\t\t\t<section class=\"elementor-section elementor-top-section elementor-element elementor-element-509b854 elementor-section-boxed elementor-section-height-default elementor-section-height-default\" data-id=\"509b854\" data-element_type=\"section\" data-e-type=\"section\">\n\t\t\t\t\t\t<div class=\"elementor-container elementor-column-gap-default\">\n\t\t\t\t\t<div class=\"elementor-column elementor-col-50 elementor-top-column elementor-element elementor-element-375ca556\" data-id=\"375ca556\" data-element_type=\"column\" data-e-type=\"column\">\n\t\t\t<div class=\"elementor-widget-wrap elementor-element-populated\">\n\t\t\t\t\t\t<div class=\"elementor-element elementor-element-1bb637c6 elementor-widget elementor-widget-heading\" data-id=\"1bb637c6\" data-element_type=\"widget\" data-e-type=\"widget\" data-widget_type=\"heading.default\">\n\t\t\t\t\t<h1 class=\"elementor-heading-title elementor-size-large\">Code of Conduct<\/h1>\t\t\t\t<\/div>\n\t\t\t\t\t<\/div>\n\t\t<\/div>\n\t\t\t\t<div class=\"elementor-column elementor-col-50 elementor-top-column elementor-element elementor-element-6bce4501\" data-id=\"6bce4501\" data-element_type=\"column\" data-e-type=\"column\">\n\t\t\t<div class=\"elementor-widget-wrap elementor-element-populated\">\n\t\t\t\t\t\t<div class=\"elementor-element elementor-element-1bec1822 elementor-widget elementor-widget-text-editor\" data-id=\"1bec1822\" data-element_type=\"widget\" data-e-type=\"widget\" data-widget_type=\"text-editor.default\">\n\t\t\t\t\t\t\t\t\t<p>The Be-Ge Group\u2019s history spans more than 90 years. Since the beginning, the company\u2019s reputation has been built up on specific qualities and core values, one of the most important of which is integrity. Our Code of Conduct and Supplier Code of Conduct outline the requirements that the Be-Ge Group places on suppliers, among others, while reflecting a personal commitment to take responsibility for our actions.\u00a0<\/p>\t\t\t\t\t\t\t\t<\/div>\n\t\t\t\t\t<\/div>\n\t\t<\/div>\n\t\t\t\t\t<\/div>\n\t\t<\/section>\n\t\t\t\t<section class=\"elementor-section elementor-top-section elementor-element elementor-element-12edcc5f elementor-section-boxed elementor-section-height-default elementor-section-height-default\" data-id=\"12edcc5f\" data-element_type=\"section\" data-e-type=\"section\">\n\t\t\t\t\t\t<div class=\"elementor-container elementor-column-gap-default\">\n\t\t\t\t\t<div class=\"elementor-column elementor-col-50 elementor-top-column elementor-element elementor-element-14467c97\" data-id=\"14467c97\" data-element_type=\"column\" data-e-type=\"column\">\n\t\t\t<div class=\"elementor-widget-wrap elementor-element-populated\">\n\t\t\t\t\t\t<div class=\"elementor-element elementor-element-c2a24c0 elementor-widget elementor-widget-image\" data-id=\"c2a24c0\" data-element_type=\"widget\" data-e-type=\"widget\" data-widget_type=\"image.default\">\n\t\t\t\t\t\t\t\t\t\t\t\t\t\t\t\t<a href=\"https:\/\/issuu.com\/be-ge\/docs\/code_of_conduct_en_?fr=sMzY4NDg1NjM4ODA\" target=\"_blank\">\n\t\t\t\t\t\t\t<img fetchpriority=\"high\" decoding=\"async\" width=\"724\" height=\"1024\" src=\"https:\/\/stece.be-ge.se\/wp-content\/uploads\/2025\/06\/code_of_conduct-kopiera-724x1024-1.webp\" class=\"attachment-large size-large wp-image-16679\" alt=\"\" srcset=\"https:\/\/stece.be-ge.se\/wp-content\/uploads\/2025\/06\/code_of_conduct-kopiera-724x1024-1.webp 724w, https:\/\/stece.be-ge.se\/wp-content\/uploads\/2025\/06\/code_of_conduct-kopiera-724x1024-1-212x300.webp 212w, https:\/\/stece.be-ge.se\/wp-content\/uploads\/2025\/06\/code_of_conduct-kopiera-724x1024-1-8x12.webp 8w\" sizes=\"(max-width: 724px) 100vw, 724px\" \/>\t\t\t\t\t\t\t\t<\/a>\n\t\t\t\t\t\t\t\t\t\t\t\t\t\t\t<\/div>\n\t\t\t\t<div class=\"elementor-element elementor-element-75aea4a3 elementor-widget elementor-widget-heading\" data-id=\"75aea4a3\" data-element_type=\"widget\" data-e-type=\"widget\" data-widget_type=\"heading.default\">\n\t\t\t\t\t<h2 class=\"elementor-heading-title elementor-size-large\">Code of Conduct<\/h2>\t\t\t\t<\/div>\n\t\t\t\t<div class=\"elementor-element elementor-element-5a586c7 elementor-widget elementor-widget-text-editor\" data-id=\"5a586c7\" data-element_type=\"widget\" data-e-type=\"widget\" data-widget_type=\"text-editor.default\">\n\t\t\t\t\t\t\t\t\t<p>The Code of Conduct defines how we within the Be-Ge Group interact with the world at large, and how we conduct our business, ethically and in compliance with the law.\u00a0<\/p>\t\t\t\t\t\t\t\t<\/div>\n\t\t\t\t<section class=\"elementor-section elementor-inner-section elementor-element elementor-element-42203030 elementor-section-boxed elementor-section-height-default elementor-section-height-default\" data-id=\"42203030\" data-element_type=\"section\" data-e-type=\"section\">\n\t\t\t\t\t\t<div class=\"elementor-container elementor-column-gap-wider\">\n\t\t\t\t\t<div class=\"elementor-column elementor-col-100 elementor-inner-column elementor-element elementor-element-3462164b\" data-id=\"3462164b\" data-element_type=\"column\" data-e-type=\"column\" data-settings=\"{&quot;background_background&quot;:&quot;classic&quot;}\">\n\t\t\t<div class=\"elementor-widget-wrap elementor-element-populated\">\n\t\t\t\t\t\t<div class=\"elementor-element elementor-element-cc2dc60 elementor-align-justify elementor-widget elementor-widget-button\" data-id=\"cc2dc60\" data-element_type=\"widget\" data-e-type=\"widget\" data-widget_type=\"button.default\">\n\t\t\t\t\t\t\t\t\t\t<a class=\"elementor-button elementor-button-link elementor-size-sm\" href=\"https:\/\/issuu.com\/be-ge\/docs\/code_of_conduct_en_?fr=sMzY4NDg1NjM4ODA\" target=\"_blank\">\n\t\t\t\t\t\t<span class=\"elementor-button-content-wrapper\">\n\t\t\t\t\t\t<span class=\"elementor-button-icon\">\n\t\t\t\t<i aria-hidden=\"true\" class=\"fas fa-external-link-alt\"><\/i>\t\t\t<\/span>\n\t\t\t\t\t\t\t\t\t<span class=\"elementor-button-text\">Read it here <\/span>\n\t\t\t\t\t<\/span>\n\t\t\t\t\t<\/a>\n\t\t\t\t\t\t\t\t<\/div>\n\t\t\t\t\t<\/div>\n\t\t<\/div>\n\t\t\t\t\t<\/div>\n\t\t<\/section>\n\t\t\t\t<section class=\"elementor-section elementor-inner-section elementor-element elementor-element-3e6cfab elementor-section-boxed elementor-section-height-default elementor-section-height-default\" data-id=\"3e6cfab\" data-element_type=\"section\" data-e-type=\"section\">\n\t\t\t\t\t\t<div class=\"elementor-container elementor-column-gap-wider\">\n\t\t\t\t\t<div class=\"elementor-column elementor-col-100 elementor-inner-column elementor-element elementor-element-7a4127e\" data-id=\"7a4127e\" data-element_type=\"column\" data-e-type=\"column\" data-settings=\"{&quot;background_background&quot;:&quot;classic&quot;}\">\n\t\t\t<div class=\"elementor-widget-wrap elementor-element-populated\">\n\t\t\t\t\t\t<div class=\"elementor-element elementor-element-a03b95c elementor-align-justify elementor-widget elementor-widget-button\" data-id=\"a03b95c\" data-element_type=\"widget\" data-e-type=\"widget\" data-widget_type=\"button.default\">\n\t\t\t\t\t\t\t\t\t\t<a class=\"elementor-button elementor-button-link elementor-size-sm\" href=\"https:\/\/media.be-ge.se\/?r=15562\" target=\"_blank\">\n\t\t\t\t\t\t<span class=\"elementor-button-content-wrapper\">\n\t\t\t\t\t\t<span class=\"elementor-button-icon\">\n\t\t\t\t<i aria-hidden=\"true\" class=\"fas fa-external-link-alt\"><\/i>\t\t\t<\/span>\n\t\t\t\t\t\t\t\t\t<span class=\"elementor-button-text\">Download as PDF file <\/span>\n\t\t\t\t\t<\/span>\n\t\t\t\t\t<\/a>\n\t\t\t\t\t\t\t\t<\/div>\n\t\t\t\t\t<\/div>\n\t\t<\/div>\n\t\t\t\t\t<\/div>\n\t\t<\/section>\n\t\t\t\t\t<\/div>\n\t\t<\/div>\n\t\t\t\t<div class=\"elementor-column elementor-col-50 elementor-top-column elementor-element elementor-element-a68ec60\" data-id=\"a68ec60\" data-element_type=\"column\" data-e-type=\"column\">\n\t\t\t<div class=\"elementor-widget-wrap elementor-element-populated\">\n\t\t\t\t\t\t<div class=\"elementor-element elementor-element-ca9c82a elementor-widget elementor-widget-image\" data-id=\"ca9c82a\" data-element_type=\"widget\" data-e-type=\"widget\" data-widget_type=\"image.default\">\n\t\t\t\t\t\t\t\t\t\t\t\t\t\t\t\t<a href=\"https:\/\/issuu.com\/be-ge\/docs\/supplier_code_of_conduct?fr=sYWFiZTg1Mzk4OTg\" target=\"_blank\">\n\t\t\t\t\t\t\t<img decoding=\"async\" width=\"724\" height=\"1024\" src=\"https:\/\/stece.be-ge.se\/wp-content\/uploads\/2025\/06\/BE-GE-Supplier-Code-of-Conduct_2025_3-kopiera-724x1024-1.webp\" class=\"attachment-large size-large wp-image-16680\" alt=\"\" srcset=\"https:\/\/stece.be-ge.se\/wp-content\/uploads\/2025\/06\/BE-GE-Supplier-Code-of-Conduct_2025_3-kopiera-724x1024-1.webp 724w, https:\/\/stece.be-ge.se\/wp-content\/uploads\/2025\/06\/BE-GE-Supplier-Code-of-Conduct_2025_3-kopiera-724x1024-1-212x300.webp 212w, https:\/\/stece.be-ge.se\/wp-content\/uploads\/2025\/06\/BE-GE-Supplier-Code-of-Conduct_2025_3-kopiera-724x1024-1-8x12.webp 8w\" sizes=\"(max-width: 724px) 100vw, 724px\" \/>\t\t\t\t\t\t\t\t<\/a>\n\t\t\t\t\t\t\t\t\t\t\t\t\t\t\t<\/div>\n\t\t\t\t<div class=\"elementor-element elementor-element-41bd3e6 elementor-widget elementor-widget-heading\" data-id=\"41bd3e6\" data-element_type=\"widget\" data-e-type=\"widget\" data-widget_type=\"heading.default\">\n\t\t\t\t\t<h2 class=\"elementor-heading-title elementor-size-large\">Supplier Code of Conduct\n<\/h2>\t\t\t\t<\/div>\n\t\t\t\t<div class=\"elementor-element elementor-element-67e3190 elementor-widget elementor-widget-text-editor\" data-id=\"67e3190\" data-element_type=\"widget\" data-e-type=\"widget\" data-widget_type=\"text-editor.default\">\n\t\t\t\t\t\t\t\t\t<div class=\"x-text bege-intro\"><p>The Be-Ge Supplier Code of Conduct outlines how we do business and the expectations we have on our supply network. Together we can make a difference and build a future for generations to come.<\/p><\/div>\t\t\t\t\t\t\t\t<\/div>\n\t\t\t\t<section class=\"elementor-section elementor-inner-section elementor-element elementor-element-c6bcddc elementor-section-boxed elementor-section-height-default elementor-section-height-default\" data-id=\"c6bcddc\" data-element_type=\"section\" data-e-type=\"section\">\n\t\t\t\t\t\t<div class=\"elementor-container elementor-column-gap-wider\">\n\t\t\t\t\t<div class=\"elementor-column elementor-col-100 elementor-inner-column elementor-element elementor-element-41d753c\" data-id=\"41d753c\" data-element_type=\"column\" data-e-type=\"column\" data-settings=\"{&quot;background_background&quot;:&quot;classic&quot;}\">\n\t\t\t<div class=\"elementor-widget-wrap elementor-element-populated\">\n\t\t\t\t\t\t<div class=\"elementor-element elementor-element-452bc35 elementor-align-justify elementor-widget elementor-widget-button\" data-id=\"452bc35\" data-element_type=\"widget\" data-e-type=\"widget\" data-widget_type=\"button.default\">\n\t\t\t\t\t\t\t\t\t\t<a class=\"elementor-button elementor-button-link elementor-size-sm\" href=\"https:\/\/issuu.com\/be-ge\/docs\/supplier_code_of_conduct?fr=sYWFiZTg1Mzk4OTg\" target=\"_blank\">\n\t\t\t\t\t\t<span class=\"elementor-button-content-wrapper\">\n\t\t\t\t\t\t<span class=\"elementor-button-icon\">\n\t\t\t\t<i aria-hidden=\"true\" class=\"fas fa-external-link-alt\"><\/i>\t\t\t<\/span>\n\t\t\t\t\t\t\t\t\t<span class=\"elementor-button-text\">Read it here <\/span>\n\t\t\t\t\t<\/span>\n\t\t\t\t\t<\/a>\n\t\t\t\t\t\t\t\t<\/div>\n\t\t\t\t\t<\/div>\n\t\t<\/div>\n\t\t\t\t\t<\/div>\n\t\t<\/section>\n\t\t\t\t<section class=\"elementor-section elementor-inner-section elementor-element elementor-element-5cc60fe elementor-section-boxed elementor-section-height-default elementor-section-height-default\" data-id=\"5cc60fe\" data-element_type=\"section\" data-e-type=\"section\">\n\t\t\t\t\t\t<div class=\"elementor-container elementor-column-gap-wider\">\n\t\t\t\t\t<div class=\"elementor-column elementor-col-100 elementor-inner-column elementor-element elementor-element-b18b808\" data-id=\"b18b808\" data-element_type=\"column\" data-e-type=\"column\" data-settings=\"{&quot;background_background&quot;:&quot;classic&quot;}\">\n\t\t\t<div class=\"elementor-widget-wrap elementor-element-populated\">\n\t\t\t\t\t\t<div class=\"elementor-element elementor-element-4d6ea34 elementor-align-justify elementor-widget elementor-widget-button\" data-id=\"4d6ea34\" data-element_type=\"widget\" data-e-type=\"widget\" data-widget_type=\"button.default\">\n\t\t\t\t\t\t\t\t\t\t<a class=\"elementor-button elementor-button-link elementor-size-sm\" href=\"https:\/\/media.be-ge.se\/?r=15471\" target=\"_blank\">\n\t\t\t\t\t\t<span class=\"elementor-button-content-wrapper\">\n\t\t\t\t\t\t<span class=\"elementor-button-icon\">\n\t\t\t\t<i aria-hidden=\"true\" class=\"fas fa-external-link-alt\"><\/i>\t\t\t<\/span>\n\t\t\t\t\t\t\t\t\t<span class=\"elementor-button-text\">Download as PDF file <\/span>\n\t\t\t\t\t<\/span>\n\t\t\t\t\t<\/a>\n\t\t\t\t\t\t\t\t<\/div>\n\t\t\t\t\t<\/div>\n\t\t<\/div>\n\t\t\t\t\t<\/div>\n\t\t<\/section>\n\t\t\t\t\t<\/div>\n\t\t<\/div>\n\t\t\t\t\t<\/div>\n\t\t<\/section>\n\t\t\t\t<\/div>","protected":false},"excerpt":{"rendered":"<p>Code of Conduct Be-Ge koncernens historia sp\u00e4nner \u00f6ver 90 \u00e5r. Sedan starten har f\u00f6retagets rykte byggts p\u00e5 best\u00e4mda kvaliteter och v\u00e4rdegrunder, en av de viktigaste \u00e4r integritet. I v\u00e5r Code of Conduct och Supplier Code of Conduct framg\u00e5r de krav som Be-Ge Koncernen st\u00e4ller p\u00e5 bl.a leverant\u00f6rer, samtidigt som ett personligt \u00e5tagande att ta ansvar [&hellip;]<\/p>\n","protected":false},"author":15,"featured_media":0,"parent":0,"menu_order":0,"comment_status":"closed","ping_status":"closed","template":"","meta":{"_acf_changed":false,"footnotes":""},"class_list":["post-16678","page","type-page","status-publish","hentry"],"acf":[],"_links":{"self":[{"href":"https:\/\/stece.be-ge.se\/en\/wp-json\/wp\/v2\/pages\/16678","targetHints":{"allow":["GET"]}}],"collection":[{"href":"https:\/\/stece.be-ge.se\/en\/wp-json\/wp\/v2\/pages"}],"about":[{"href":"https:\/\/stece.be-ge.se\/en\/wp-json\/wp\/v2\/types\/page"}],"author":[{"embeddable":true,"href":"https:\/\/stece.be-ge.se\/en\/wp-json\/wp\/v2\/users\/15"}],"replies":[{"embeddable":true,"href":"https:\/\/stece.be-ge.se\/en\/wp-json\/wp\/v2\/comments?post=16678"}],"version-history":[{"count":16,"href":"https:\/\/stece.be-ge.se\/en\/wp-json\/wp\/v2\/pages\/16678\/revisions"}],"predecessor-version":[{"id":16698,"href":"https:\/\/stece.be-ge.se\/en\/wp-json\/wp\/v2\/pages\/16678\/revisions\/16698"}],"wp:attachment":[{"href":"https:\/\/stece.be-ge.se\/en\/wp-json\/wp\/v2\/media?parent=16678"}],"curies":[{"name":"wp","href":"https:\/\/api.w.org\/{rel}","templated":true}]}}